{"id":58,"date":"2024-10-18T16:13:51","date_gmt":"2024-10-18T16:13:51","guid":{"rendered":"https:\/\/www.test.artkeymedia.com\/?page_id=58"},"modified":"2025-01-24T15:48:35","modified_gmt":"2025-01-24T15:48:35","slug":"analytik","status":"publish","type":"page","link":"https:\/\/www.alasso.ch\/index.php\/analytik\/","title":{"rendered":"Analytik"},"content":{"rendered":"\n<div class=\"wp-block-columns banner fade-in is-layout-flex wp-container-core-columns-is-layout-9d6595d7 wp-block-columns-is-layout-flex\">\n<div class=\"wp-block-column is-layout-flow wp-block-column-is-layout-flow\">\n<h1 class=\"wp-block-heading\">Analytik<\/h1>\n\n\n\n<p>Verfolgen Sie die Performance Ihrer Internetplattform und optimieren Sie die Strategie f\u00fcr Ihr Mitgliedermanagement mit den Alasso Analyse-Werkzeugen<\/p>\n<\/div>\n\n\n\n<div class=\"wp-block-column is-layout-flow wp-block-column-is-layout-flow\"><div class=\"wp-block-image\">\n<figure class=\"alignright size-full\"><img loading=\"lazy\" decoding=\"async\" width=\"455\" height=\"358\" src=\"http:\/\/www.alasso.ch\/wp-content\/uploads\/2025\/01\/analytics.webp\" alt=\"\" class=\"wp-image-533\" srcset=\"https:\/\/www.alasso.ch\/wp-content\/uploads\/2025\/01\/analytics.webp 455w, https:\/\/www.alasso.ch\/wp-content\/uploads\/2025\/01\/analytics-300x236.webp 300w\" sizes=\"auto, (max-width: 455px) 100vw, 455px\" \/><\/figure>\n<\/div><\/div>\n<\/div>\n\n\n\n<div class=\"wp-block-columns split-content is-layout-flex wp-container-core-columns-is-layout-9d6595d7 wp-block-columns-is-layout-flex\">\n<div class=\"wp-block-column is-layout-flow wp-block-column-is-layout-flow\">\n<figure class=\"wp-block-image size-full fade-in-right\"><img loading=\"lazy\" decoding=\"async\" width=\"586\" height=\"264\" src=\"http:\/\/www.alasso.ch\/wp-content\/uploads\/2025\/01\/alumni-suite-8.webp\" alt=\"\" class=\"wp-image-535\" srcset=\"https:\/\/www.alasso.ch\/wp-content\/uploads\/2025\/01\/alumni-suite-8.webp 586w, https:\/\/www.alasso.ch\/wp-content\/uploads\/2025\/01\/alumni-suite-8-300x135.webp 300w\" sizes=\"auto, (max-width: 586px) 100vw, 586px\" \/><\/figure>\n<\/div>\n\n\n\n<div class=\"wp-block-column is-layout-flow wp-block-column-is-layout-flow\">\n<h2 class=\"wp-block-heading\">Plattform Analytics<\/h2>\n\n\n\n<p>Unsere Analysefunktion bietet eine Reihe leistungsstarker Tools, die Ihnen helfen, aktive Nutzer zu identifizieren, das Engagement in der Gemeinschaft zu verfolgen, offene Rechnungen, erstellte und abgemeldete Ereignisse zu \u00fcberwachen und eine detaillierte Zeitleiste der Aktivit\u00e4ten zu f\u00fchren. Mit unserer benutzerfreundlichen Oberfl\u00e4che k\u00f6nnen Sie ganz einfach auf wichtige Kennzahlen und Daten zugreifen und diese analysieren. So k\u00f6nnen Sie fundierte Entscheidungen dar\u00fcber treffen, wie Sie ihre Vereinigung am besten weiterentwickeln k\u00f6nnen.<\/p>\n\n\n\n<p><br>Unsere Analysefunktion hilft Ihnen, den \u00dcberblick \u00fcber die wichtigsten Leistungsindikatoren zu behalten, Trends und Chancen zu erkennen und sicherzustellen, dass Ihre Vereinigung bl\u00fcht und w\u00e4chst.<\/p>\n<\/div>\n<\/div>\n\n\n\n<div class=\"wp-block-columns split-content is-layout-flex wp-container-core-columns-is-layout-9d6595d7 wp-block-columns-is-layout-flex\">\n<div class=\"wp-block-column order-2-mobile is-layout-flow wp-block-column-is-layout-flow\">\n<h2 class=\"wp-block-heading\">Newsletter und Mitteilungen<\/h2>\n\n\n\n<p>Wir helfen Ihnen, die Leistung Ihrer Newsletter- und Messaging-Kampagnen zu verfolgen. Sie k\u00f6nnen ganz einfach auf detaillierte Metriken und Daten zur E-Mail-Leistung, zugestellten Nachrichten, Top-Standorten und zur\u00fcckgewiesenen Nachrichten zugreifen. Unsere Newsletter- und Nachrichten-Analysefunktion hilft Ihnen, Erfolgsbereiche und Chancen zu erkennen, damit Sie Ihre Kampagnen feiner abstimmen und Ihre Verbandsgemeinschaft effektiver ansprechen k\u00f6nnen.<\/p>\n\n\n\n<p>In den meisten F\u00e4llen k\u00f6nnen Sie die Kosten f\u00fcr ein zus\u00e4tzliches Mailing-Tool sparen!<\/p>\n<\/div>\n\n\n\n<div class=\"wp-block-column order-1-mobile is-layout-flow wp-block-column-is-layout-flow\">\n<figure class=\"wp-block-image size-full fade-in-left\"><img loading=\"lazy\" decoding=\"async\" width=\"586\" height=\"264\" src=\"http:\/\/www.alasso.ch\/wp-content\/uploads\/2025\/01\/alumni-suite-9.webp\" alt=\"\" class=\"wp-image-537\" srcset=\"https:\/\/www.alasso.ch\/wp-content\/uploads\/2025\/01\/alumni-suite-9.webp 586w, https:\/\/www.alasso.ch\/wp-content\/uploads\/2025\/01\/alumni-suite-9-300x135.webp 300w\" sizes=\"auto, (max-width: 586px) 100vw, 586px\" \/><\/figure>\n<\/div>\n<\/div>\n\n\n\n<div class=\"wp-block-columns split-content is-layout-flex wp-container-core-columns-is-layout-9d6595d7 wp-block-columns-is-layout-flex\">\n<div class=\"wp-block-column is-layout-flow wp-block-column-is-layout-flow\">\n<figure class=\"wp-block-image size-full fade-in-right\"><img loading=\"lazy\" decoding=\"async\" width=\"586\" height=\"264\" src=\"http:\/\/www.alasso.ch\/wp-content\/uploads\/2025\/01\/alumni-suite-10.webp\" alt=\"\" class=\"wp-image-539\" srcset=\"https:\/\/www.alasso.ch\/wp-content\/uploads\/2025\/01\/alumni-suite-10.webp 586w, https:\/\/www.alasso.ch\/wp-content\/uploads\/2025\/01\/alumni-suite-10-300x135.webp 300w\" sizes=\"auto, (max-width: 586px) 100vw, 586px\" \/><\/figure>\n<\/div>\n\n\n\n<div class=\"wp-block-column is-layout-flow wp-block-column-is-layout-flow\">\n<h2 class=\"wp-block-heading\">Anl\u00e4sse und Gruppen<\/h2>\n\n\n\n<p>Verfolgen Sie die Leistung Ihrer Gruppen und Veranstaltungen. Sie k\u00f6nnen ganz einfach auf detaillierte Metriken und Daten zu Gruppenmitgliedschaft, Standort, Mitgliedschaftspl\u00e4nen und Veranstaltungsbesuchen zugreifen.<\/p>\n<\/div>\n<\/div>\n\n\n\n<div class=\"wp-block-columns split-content is-layout-flex wp-container-core-columns-is-layout-9d6595d7 wp-block-columns-is-layout-flex\">\n<div class=\"wp-block-column order-2-mobile is-layout-flow wp-block-column-is-layout-flow\">\n<h2 class=\"wp-block-heading\">Mentoring und Coaching<\/h2>\n\n\n\n<p>Wir stellen Ihnen leistungsstarke Analysetools zur Verf\u00fcgung, mit denen Sie den Erfolg Ihrer Mentoring- und Coaching-Programme verfolgen k\u00f6nnen. Greifen Sie schnell auf Daten und Kennzahlen zum Engagement im Programm zu, einschlie\u00dflich der Anzahl der ausgef\u00fcllten Bewerbungen, der verf\u00fcgbaren Mentoren und Mentees, der gefundenen Mentoren und Mentees und der eingereichten Berichte.<\/p>\n<\/div>\n\n\n\n<div class=\"wp-block-column order-1-mobile is-layout-flow wp-block-column-is-layout-flow\">\n<figure class=\"wp-block-image size-full fade-in-left\"><img loading=\"lazy\" decoding=\"async\" width=\"586\" height=\"264\" src=\"http:\/\/www.alasso.ch\/wp-content\/uploads\/2025\/01\/alumni-suite-11.webp\" alt=\"\" class=\"wp-image-541\" srcset=\"https:\/\/www.alasso.ch\/wp-content\/uploads\/2025\/01\/alumni-suite-11.webp 586w, https:\/\/www.alasso.ch\/wp-content\/uploads\/2025\/01\/alumni-suite-11-300x135.webp 300w\" sizes=\"auto, (max-width: 586px) 100vw, 586px\" \/><\/figure>\n<\/div>\n<\/div>\n\n\n\n<div class=\"wp-block-columns split-content is-layout-flex wp-container-core-columns-is-layout-9d6595d7 wp-block-columns-is-layout-flex\">\n<div class=\"wp-block-column is-layout-flow wp-block-column-is-layout-flow\">\n<figure class=\"wp-block-image size-full fade-in-right\"><img loading=\"lazy\" decoding=\"async\" width=\"586\" height=\"264\" src=\"http:\/\/www.alasso.ch\/wp-content\/uploads\/2025\/01\/alumni-suite-12.webp\" alt=\"\" class=\"wp-image-543\" srcset=\"https:\/\/www.alasso.ch\/wp-content\/uploads\/2025\/01\/alumni-suite-12.webp 586w, https:\/\/www.alasso.ch\/wp-content\/uploads\/2025\/01\/alumni-suite-12-300x135.webp 300w\" sizes=\"auto, (max-width: 586px) 100vw, 586px\" \/><\/figure>\n<\/div>\n\n\n\n<div class=\"wp-block-column is-layout-flow wp-block-column-is-layout-flow\">\n<h2 class=\"wp-block-heading\">Rechnungsstellung<\/h2>\n\n\n\n<p>Verfolgen Sie m\u00fchelos den Rechnungsstatus Ihrer Organisation. Mit unserer leistungsstarken Funktion zur Rechnungsanalyse k\u00f6nnen Sie ganz einfach verfolgen, wie viele Rechnungen erstellt wurden, wie viele bezahlt wurden, wie viele ausstehend sind und wie viele abgeschlossen wurden. Unsere Analysetools helfen Ihnen dabei, den \u00dcberblick \u00fcber Ihren Rechnungsprozess zu behalten. So k\u00f6nnen Sie p\u00fcnktliche Zahlungen sicherstellen und eine gesunde finanzielle Situation Ihrer Vereinigung sicherstellen.<\/p>\n<\/div>\n<\/div>\n","protected":false},"excerpt":{"rendered":"<p>Analytik Verfolgen Sie die Performance Ihrer Internetplattform und optimieren Sie die Strategie f\u00fcr Ihr Mitgliedermanagement mit den Alasso Analyse-Werkzeugen Plattform Analytics Unsere Analysefunktion bietet eine Reihe leistungsstarker Tools, die Ihnen helfen, aktive Nutzer zu identifizieren, das Engagement in der Gemeinschaft zu verfolgen, offene Rechnungen, erstellte und abgemeldete Ereignisse zu \u00fcberwachen und eine detaillierte Zeitleiste der [&hellip;]<\/p>\n","protected":false},"author":2,"featured_media":0,"parent":0,"menu_order":0,"comment_status":"closed","ping_status":"closed","template":"","meta":{"footnotes":""},"class_list":["post-58","page","type-page","status-publish","hentry"],"_links":{"self":[{"href":"https:\/\/www.alasso.ch\/index.php\/wp-json\/wp\/v2\/pages\/58","targetHints":{"allow":["GET"]}}],"collection":[{"href":"https:\/\/www.alasso.ch\/index.php\/wp-json\/wp\/v2\/pages"}],"about":[{"href":"https:\/\/www.alasso.ch\/index.php\/wp-json\/wp\/v2\/types\/page"}],"author":[{"embeddable":true,"href":"https:\/\/www.alasso.ch\/index.php\/wp-json\/wp\/v2\/users\/2"}],"replies":[{"embeddable":true,"href":"https:\/\/www.alasso.ch\/index.php\/wp-json\/wp\/v2\/comments?post=58"}],"version-history":[{"count":8,"href":"https:\/\/www.alasso.ch\/index.php\/wp-json\/wp\/v2\/pages\/58\/revisions"}],"predecessor-version":[{"id":549,"href":"https:\/\/www.alasso.ch\/index.php\/wp-json\/wp\/v2\/pages\/58\/revisions\/549"}],"wp:attachment":[{"href":"https:\/\/www.alasso.ch\/index.php\/wp-json\/wp\/v2\/media?parent=58"}],"curies":[{"name":"wp","href":"https:\/\/api.w.org\/{rel}","templated":true}]}}