{"id":62,"date":"2024-10-18T16:15:04","date_gmt":"2024-10-18T16:15:04","guid":{"rendered":"https:\/\/www.test.artkeymedia.com\/?page_id=62"},"modified":"2025-01-26T16:08:59","modified_gmt":"2025-01-26T16:08:59","slug":"unsere-kunden","status":"publish","type":"page","link":"https:\/\/www.alasso.ch\/index.php\/unsere-kunden\/","title":{"rendered":"Unsere Kunden"},"content":{"rendered":"\n<div class=\"wp-block-columns banner fade-in is-layout-flex wp-container-core-columns-is-layout-9d6595d7 wp-block-columns-is-layout-flex\">\n<div class=\"wp-block-column is-layout-flow wp-block-column-is-layout-flow\">\n<h1 class=\"wp-block-heading\">Unsere Kunden<\/h1>\n\n\n\n<p>Wir unterst\u00fctzen Alumni Organisationen, Berufsverb\u00e4nde, Politische Parteien, Gemeinn\u00fctzige Organisationen und sonstige Verb\u00e4nde und Vereinigungen bei der effizienten Erledigung ihrer t\u00e4glichen Aufgaben und der effektiven Erreichung ihrer Ziele.<\/p>\n\n\n<div class=\"wp-block-image\">\n<figure class=\"alignright size-full\"><img loading=\"lazy\" decoding=\"async\" width=\"494\" height=\"400\" src=\"http:\/\/www.alasso.ch\/wp-content\/uploads\/2025\/01\/customer-segments.webp\" alt=\"\" class=\"wp-image-625\" srcset=\"https:\/\/www.alasso.ch\/wp-content\/uploads\/2025\/01\/customer-segments.webp 494w, https:\/\/www.alasso.ch\/wp-content\/uploads\/2025\/01\/customer-segments-300x243.webp 300w\" sizes=\"auto, (max-width: 494px) 100vw, 494px\" \/><\/figure>\n<\/div><\/div>\n<\/div>\n\n\n\n<div class=\"wp-block-columns split-content is-layout-flex wp-container-core-columns-is-layout-9d6595d7 wp-block-columns-is-layout-flex\">\n<div class=\"wp-block-column is-layout-flow wp-block-column-is-layout-flow\">\n<figure class=\"wp-block-image size-full fade-in-right\"><img loading=\"lazy\" decoding=\"async\" width=\"501\" height=\"500\" src=\"http:\/\/www.alasso.ch\/wp-content\/uploads\/2025\/01\/education-solutions-1.webp\" alt=\"\" class=\"wp-image-627\" srcset=\"https:\/\/www.alasso.ch\/wp-content\/uploads\/2025\/01\/education-solutions-1.webp 501w, https:\/\/www.alasso.ch\/wp-content\/uploads\/2025\/01\/education-solutions-1-300x300.webp 300w, https:\/\/www.alasso.ch\/wp-content\/uploads\/2025\/01\/education-solutions-1-150x150.webp 150w\" sizes=\"auto, (max-width: 501px) 100vw, 501px\" \/><\/figure>\n<\/div>\n\n\n\n<div class=\"wp-block-column is-layout-flow wp-block-column-is-layout-flow\">\n<h2 class=\"wp-block-heading\">Alumni Organisationen<\/h2>\n\n\n\n<p class=\"sub-text\">Auch nach Abschluss einer Ausbildung miteinander in Kontakt bleiben, an gemeinsamen Anl\u00e4ssen teilnehmen, sich gegenseitig unterst\u00fctzen<\/p>\n\n\n\n<div class=\"wp-block-columns cs-items is-layout-flex wp-container-core-columns-is-layout-9d6595d7 wp-block-columns-is-layout-flex\">\n<div class=\"wp-block-column is-layout-flow wp-block-column-is-layout-flow\">\n<figure class=\"wp-block-image size-full is-resized\"><img loading=\"lazy\" decoding=\"async\" width=\"50\" height=\"50\" src=\"http:\/\/www.alasso.ch\/wp-content\/uploads\/2025\/01\/networking-graduates.webp\" alt=\"\" class=\"wp-image-629\" style=\"object-fit:cover;width:45px;height:45px\"\/><\/figure>\n\n\n\n<p><strong>Networking f\u00fcr Absolventen<\/strong>: Bildungseinrichtungen wie Universit\u00e4ten, Fachhochschulen, Berufsschulen oder Sprachinstitute k\u00f6nnen ihren Absolventen mit Alasso ein Netzwerk zur Kontaktpflege anbieten<\/p>\n<\/div>\n<\/div>\n\n\n\n<div class=\"wp-block-columns cs-items is-layout-flex wp-container-core-columns-is-layout-9d6595d7 wp-block-columns-is-layout-flex\">\n<div class=\"wp-block-column is-layout-flow wp-block-column-is-layout-flow\">\n<figure class=\"wp-block-image size-full is-resized\"><img loading=\"lazy\" decoding=\"async\" width=\"50\" height=\"50\" src=\"http:\/\/www.alasso.ch\/wp-content\/uploads\/2025\/01\/shared-interest.webp\" alt=\"\" class=\"wp-image-631\" style=\"object-fit:cover;width:45px;height:45px\"\/><\/figure>\n\n\n\n<p><strong>Gemeinsame Interessen pflegen<\/strong>: Absolventen derselben Bildungseinrichtung haben gemeinsame Interessen und k\u00f6nnen sich bei Bedarf gegenseitig beruflich unterst\u00fctzen<\/p>\n<\/div>\n<\/div>\n\n\n\n<div class=\"wp-block-columns cs-items is-layout-flex wp-container-core-columns-is-layout-9d6595d7 wp-block-columns-is-layout-flex\">\n<div class=\"wp-block-column is-layout-flow wp-block-column-is-layout-flow\">\n<figure class=\"wp-block-image size-full is-resized\"><img loading=\"lazy\" decoding=\"async\" width=\"50\" height=\"50\" src=\"http:\/\/www.alasso.ch\/wp-content\/uploads\/2025\/01\/intitutional-benefits.webp\" alt=\"\" class=\"wp-image-633\" style=\"object-fit:cover;width:45px;height:45px\"\/><\/figure>\n\n\n\n<p><strong>Institutionelle Vorteile<\/strong>: Bildungseinrichtungen (Universit\u00e4ten, Fachhochschulen, Berufsschulen, Sprachinstitute) profitieren von einer lebenslangen Verbindung zwischen ihren ehemaligen Studenten und ihrer Bildungseinrichtung<\/p>\n<\/div>\n<\/div>\n\n\n\n<div class=\"wp-block-columns cs-items is-layout-flex wp-container-core-columns-is-layout-9d6595d7 wp-block-columns-is-layout-flex\">\n<div class=\"wp-block-column is-layout-flow wp-block-column-is-layout-flow\">\n<figure class=\"wp-block-image size-full is-resized\"><img loading=\"lazy\" decoding=\"async\" width=\"50\" height=\"50\" src=\"http:\/\/www.alasso.ch\/wp-content\/uploads\/2025\/01\/multiple-advanteges.webp\" alt=\"\" class=\"wp-image-635\" style=\"object-fit:cover;width:45px;height:45px\"\/><\/figure>\n\n\n\n<p><strong>Alumni Engagement<\/strong>: Seiner Bildungseinrichtung (&#8220;alma mater&#8221;) etwas zur\u00fcckgeben &#8211; als Mentor, als Beitrag zu Events oder als Donator<\/p>\n<\/div>\n<\/div>\n<\/div>\n<\/div>\n\n\n\n<div class=\"wp-block-columns split-content is-layout-flex wp-container-core-columns-is-layout-9d6595d7 wp-block-columns-is-layout-flex\">\n<div class=\"wp-block-column order-2-mobile is-layout-flow wp-block-column-is-layout-flow\">\n<h2 class=\"wp-block-heading\">Berufsverb\u00e4nde<\/h2>\n\n\n\n<p class=\"sub-text\">Die Mitglieder eines Berufsverbands erwarten, dass sie mit anderen Fachleuten Kontakte kn\u00fcpfen und Ideen  austauschen k\u00f6nnen<\/p>\n\n\n\n<div class=\"wp-block-columns cs-items is-layout-flex wp-container-core-columns-is-layout-9d6595d7 wp-block-columns-is-layout-flex\">\n<div class=\"wp-block-column is-layout-flow wp-block-column-is-layout-flow\">\n<figure class=\"wp-block-image size-full is-resized\"><img loading=\"lazy\" decoding=\"async\" width=\"50\" height=\"50\" src=\"http:\/\/www.alasso.ch\/wp-content\/uploads\/2025\/01\/skill-enhancement.webp\" alt=\"\" class=\"wp-image-639\" style=\"object-fit:cover;width:45px;height:45px\"\/><\/figure>\n\n\n\n<p><strong>Ausweitung der eigenen F\u00e4higkeiten<\/strong>: Mitglieder eines Berufsverbandes wollen Fortbildungskurse, Workshops und Seminare besuchen, um ihre F\u00e4higkeiten zu verbessern und sich \u00fcber die neuesten Entwicklungen in ihrem Beruf auf dem Laufenden zu halten<\/p>\n<\/div>\n<\/div>\n\n\n\n<div class=\"wp-block-columns cs-items is-layout-flex wp-container-core-columns-is-layout-9d6595d7 wp-block-columns-is-layout-flex\">\n<div class=\"wp-block-column is-layout-flow wp-block-column-is-layout-flow\">\n<figure class=\"wp-block-image size-full is-resized\"><img loading=\"lazy\" decoding=\"async\" width=\"50\" height=\"50\" src=\"http:\/\/www.alasso.ch\/wp-content\/uploads\/2025\/01\/access-resources.webp\" alt=\"\" class=\"wp-image-641\" style=\"object-fit:cover;width:45px;height:45px\"\/><\/figure>\n\n\n\n<p><strong>Zugang zu exklusiven Ressourcen<\/strong>: Berufsverb\u00e4nde k\u00f6nnen Zugang zu exklusiven Ressourcen wie Fachzeitschriften, Studien, Marktanalysen und anderen Materialien bieten, die f\u00fcr die berufliche Praxis n\u00fctzlich sind<\/p>\n<\/div>\n<\/div>\n\n\n\n<div class=\"wp-block-columns cs-items is-layout-flex wp-container-core-columns-is-layout-9d6595d7 wp-block-columns-is-layout-flex\">\n<div class=\"wp-block-column is-layout-flow wp-block-column-is-layout-flow\">\n<figure class=\"wp-block-image size-full is-resized\"><img loading=\"lazy\" decoding=\"async\" width=\"50\" height=\"50\" src=\"http:\/\/www.alasso.ch\/wp-content\/uploads\/2025\/01\/member-comunication.webp\" alt=\"\" class=\"wp-image-643\" style=\"object-fit:cover;width:45px;height:45px\"\/><\/figure>\n\n\n\n<p><strong>Mitgliederkommunikation<\/strong>: Wenn Berufsverb\u00e4nde die Interessen ihrer Mitglieder f\u00f6rdern, m\u00fcssen sie in der Lage sein, mit ihnen zu kommunizieren und sie zu Veranstaltungen einzuladen<\/p>\n<\/div>\n<\/div>\n\n\n\n<div class=\"wp-block-columns cs-items is-layout-flex wp-container-core-columns-is-layout-9d6595d7 wp-block-columns-is-layout-flex\">\n<div class=\"wp-block-column is-layout-flow wp-block-column-is-layout-flow\">\n<figure class=\"wp-block-image size-full is-resized\"><img loading=\"lazy\" decoding=\"async\" width=\"50\" height=\"50\" src=\"http:\/\/www.alasso.ch\/wp-content\/uploads\/2025\/01\/professional-opportunities.webp\" alt=\"\" class=\"wp-image-645\" style=\"object-fit:cover;width:45px;height:45px\"\/><\/figure>\n\n\n\n<p><strong>Professionelle Weiterentwicklung: <\/strong>Eine Job-Plattform hilft bei der Suche nach neuen beruflichen M\u00f6glichkeiten. Mentoring- und Coaching-Programme sind besonders wertvoll, um dem Fachkr\u00e4ftemangel entgegenzuwirken und gleichzeitig erfahrene Fachkr\u00e4fte mit j\u00fcngeren Kollegen in Kontakt zu bringen.<\/p>\n<\/div>\n<\/div>\n<\/div>\n\n\n\n<div class=\"wp-block-column order-1-mobile is-layout-flow wp-block-column-is-layout-flow\">\n<figure class=\"wp-block-image size-full fade-in-left\"><img loading=\"lazy\" decoding=\"async\" width=\"615\" height=\"535\" src=\"http:\/\/www.alasso.ch\/wp-content\/uploads\/2025\/01\/professional-networks.webp\" alt=\"\" class=\"wp-image-637\" srcset=\"https:\/\/www.alasso.ch\/wp-content\/uploads\/2025\/01\/professional-networks.webp 615w, https:\/\/www.alasso.ch\/wp-content\/uploads\/2025\/01\/professional-networks-300x261.webp 300w\" sizes=\"auto, (max-width: 615px) 100vw, 615px\" \/><\/figure>\n<\/div>\n<\/div>\n\n\n\n<div class=\"wp-block-columns split-content is-layout-flex wp-container-core-columns-is-layout-9d6595d7 wp-block-columns-is-layout-flex\">\n<div class=\"wp-block-column is-layout-flow wp-block-column-is-layout-flow\">\n<figure class=\"wp-block-image size-full fade-in-right\"><img loading=\"lazy\" decoding=\"async\" width=\"615\" height=\"500\" src=\"http:\/\/www.alasso.ch\/wp-content\/uploads\/2025\/01\/political-parties.webp\" alt=\"\" class=\"wp-image-647\" srcset=\"https:\/\/www.alasso.ch\/wp-content\/uploads\/2025\/01\/political-parties.webp 615w, https:\/\/www.alasso.ch\/wp-content\/uploads\/2025\/01\/political-parties-300x244.webp 300w\" sizes=\"auto, (max-width: 615px) 100vw, 615px\" \/><\/figure>\n<\/div>\n\n\n\n<div class=\"wp-block-column is-layout-flow wp-block-column-is-layout-flow\">\n<h2 class=\"wp-block-heading\">Politische Parteien<\/h2>\n\n\n\n<p class=\"sub-text\">Politische Parteien brauchen eine einfache Plattform, um mit ihren Mitgliedern zu kommunizieren, Veranstaltungen zu organisieren oder Wahlkampfmaterial zu verteilen<\/p>\n\n\n\n<div class=\"wp-block-columns cs-items is-layout-flex wp-container-core-columns-is-layout-9d6595d7 wp-block-columns-is-layout-flex\">\n<div class=\"wp-block-column is-layout-flow wp-block-column-is-layout-flow\">\n<figure class=\"wp-block-image size-full is-resized\"><img loading=\"lazy\" decoding=\"async\" width=\"50\" height=\"50\" src=\"http:\/\/www.alasso.ch\/wp-content\/uploads\/2025\/01\/networking-opportunities.webp\" alt=\"\" class=\"wp-image-649\" style=\"object-fit:cover;width:45px;height:45px\"\/><\/figure>\n\n\n\n<p><strong>M\u00f6glichkeit zur Vernetzung unter den Parteimitgliedern<\/strong>: Die Mitglieder einer politischen Partei brauchen die M\u00f6glichkeit, sich untereinander zu vernetzen<\/p>\n<\/div>\n<\/div>\n\n\n\n<div class=\"wp-block-columns cs-items is-layout-flex wp-container-core-columns-is-layout-9d6595d7 wp-block-columns-is-layout-flex\">\n<div class=\"wp-block-column is-layout-flow wp-block-column-is-layout-flow\">\n<figure class=\"wp-block-image size-full is-resized\"><img loading=\"lazy\" decoding=\"async\" width=\"50\" height=\"50\" src=\"http:\/\/www.alasso.ch\/wp-content\/uploads\/2025\/01\/diverse-group.webp\" alt=\"\" class=\"wp-image-651\" style=\"object-fit:cover;width:45px;height:45px\"\/><\/figure>\n\n\n\n<p><strong>Zusammenarbeit in Untergruppen einer Partei auf kommunaler oder regionaler Ebene oder in themenspezifischen Fachgruppen: <\/strong>Die Vernetzung der Parteimitglieder muss in unterschiedlich zusammengesetzten Gruppen m\u00f6glich sein<\/p>\n<\/div>\n<\/div>\n\n\n\n<div class=\"wp-block-columns cs-items is-layout-flex wp-container-core-columns-is-layout-9d6595d7 wp-block-columns-is-layout-flex\">\n<div class=\"wp-block-column is-layout-flow wp-block-column-is-layout-flow\">\n<figure class=\"wp-block-image size-full is-resized\"><img loading=\"lazy\" decoding=\"async\" width=\"50\" height=\"50\" src=\"http:\/\/www.alasso.ch\/wp-content\/uploads\/2025\/01\/unified-goals.webp\" alt=\"\" class=\"wp-image-653\" style=\"object-fit:cover;width:45px;height:45px\"\/><\/figure>\n\n\n\n<p><strong>Gemeinsame Ziele<\/strong>: Die Pr\u00e4senz auf einer parteieigenen Mitgliederplattform unterst\u00fctzt dabei, die einzelnen Mitglieder auf der Basis gemeinsamer Ziele und Ideen zu vereinigen<\/p>\n<\/div>\n<\/div>\n\n\n\n<div class=\"wp-block-columns cs-items is-layout-flex wp-container-core-columns-is-layout-9d6595d7 wp-block-columns-is-layout-flex\">\n<div class=\"wp-block-column is-layout-flow wp-block-column-is-layout-flow\">\n<figure class=\"wp-block-image size-full is-resized\"><img loading=\"lazy\" decoding=\"async\" width=\"50\" height=\"50\" src=\"http:\/\/www.alasso.ch\/wp-content\/uploads\/2025\/01\/strength-collaboration.webp\" alt=\"\" class=\"wp-image-655\" style=\"object-fit:cover;width:45px;height:45px\"\/><\/figure>\n\n\n\n<p><strong>Gest\u00e4rkte Zusammenarbeit<\/strong>: Bessere Vernetzung unter den Parteimitgliedern und zwischen Parteileitung, regionalen Parteivorst\u00e4nden und den Mitgliedern f\u00f6rdert die Zusammenarbeit und st\u00e4rkt die Gesamtwirkung der Partei<\/p>\n<\/div>\n<\/div>\n<\/div>\n<\/div>\n\n\n\n<div class=\"wp-block-columns split-content is-layout-flex wp-container-core-columns-is-layout-9d6595d7 wp-block-columns-is-layout-flex\">\n<div class=\"wp-block-column order-2-mobile is-layout-flow wp-block-column-is-layout-flow\">\n<h2 class=\"wp-block-heading\">Gemeinn\u00fctzigen Organisationen<\/h2>\n\n\n\n<p class=\"sub-text\">Wohlt\u00e4tigkeitsorganisationen ben\u00f6tigen eine Plattform, \u00fcber die sie regelm\u00e4\u00dfig mit den G\u00f6nnern und Spendern ihrer Organisation in Kontakt treten k\u00f6nnen, um ihre Aktivit\u00e4ten zu kommunizieren und f\u00fcr ihre Sache zu werben,<\/p>\n\n\n\n<div class=\"wp-block-columns cs-items is-layout-flex wp-container-core-columns-is-layout-9d6595d7 wp-block-columns-is-layout-flex\">\n<div class=\"wp-block-column is-layout-flow wp-block-column-is-layout-flow\">\n<figure class=\"wp-block-image size-full is-resized\"><img loading=\"lazy\" decoding=\"async\" width=\"50\" height=\"50\" src=\"http:\/\/www.alasso.ch\/wp-content\/uploads\/2025\/01\/communication-platform.webp\" alt=\"\" class=\"wp-image-659\" style=\"object-fit:cover;width:45px;height:45px\"\/><\/figure>\n\n\n\n<p><strong>Kommunikationsplattform<\/strong>: Gemeinn\u00fctzige Organisationen ben\u00f6tigen eine Plattform, um den regelm\u00e4ssigen Kontakt mit ihren G\u00f6nnern und Spendern pflegen zu k\u00f6nnen.<\/p>\n<\/div>\n<\/div>\n\n\n\n<div class=\"wp-block-columns cs-items is-layout-flex wp-container-core-columns-is-layout-9d6595d7 wp-block-columns-is-layout-flex\">\n<div class=\"wp-block-column is-layout-flow wp-block-column-is-layout-flow\">\n<figure class=\"wp-block-image size-full is-resized\"><img loading=\"lazy\" decoding=\"async\" width=\"50\" height=\"50\" src=\"http:\/\/www.alasso.ch\/wp-content\/uploads\/2025\/01\/activity-updates.webp\" alt=\"\" class=\"wp-image-661\" style=\"object-fit:cover;width:45px;height:45px\"\/><\/figure>\n\n\n\n<p><strong>Updates zu aktuellen Aktivit\u00e4ten<\/strong>: Die Plattform erm\u00f6glicht es Wohlt\u00e4tigkeitsorganisationen, ihre laufenden Aktivit\u00e4ten effektiv zu kommunizieren<\/p>\n<\/div>\n<\/div>\n\n\n\n<div class=\"wp-block-columns cs-items is-layout-flex wp-container-core-columns-is-layout-9d6595d7 wp-block-columns-is-layout-flex\">\n<div class=\"wp-block-column is-layout-flow wp-block-column-is-layout-flow\">\n<figure class=\"wp-block-image size-full is-resized\"><img loading=\"lazy\" decoding=\"async\" width=\"50\" height=\"50\" src=\"http:\/\/www.alasso.ch\/wp-content\/uploads\/2025\/01\/cause-promotion.webp\" alt=\"\" class=\"wp-image-663\" style=\"object-fit:cover;width:45px;height:45px\"\/><\/figure>\n\n\n\n<p><strong>Werbung f\u00fcr die eigenen Ziele<\/strong>: Durch diese Plattform k\u00f6nnen gemeinn\u00fctzige Organisationen gezielt Werbung f\u00fcr ihre Ziele machen bei bestehenden und potenziellen k\u00fcnftigen Unterst\u00fctzern<\/p>\n<\/div>\n<\/div>\n\n\n\n<div class=\"wp-block-columns cs-items is-layout-flex wp-container-core-columns-is-layout-9d6595d7 wp-block-columns-is-layout-flex\">\n<div class=\"wp-block-column is-layout-flow wp-block-column-is-layout-flow\">\n<figure class=\"wp-block-image size-full is-resized\"><img loading=\"lazy\" decoding=\"async\" width=\"50\" height=\"50\" src=\"http:\/\/www.alasso.ch\/wp-content\/uploads\/2025\/01\/donor-engagement.webp\" alt=\"\" class=\"wp-image-665\" style=\"object-fit:cover;width:45px;height:45px\"\/><\/figure>\n\n\n\n<p><strong>G\u00f6nner-Management<\/strong>: Regelm\u00e4ssige Kommunikation unterst\u00fctzt beim Engagement von Spendern und f\u00f6rdert die langfristige Unterst\u00fctzung durch G\u00f6nner<\/p>\n<\/div>\n<\/div>\n<\/div>\n\n\n\n<div class=\"wp-block-column order-1-mobile is-layout-flow wp-block-column-is-layout-flow\">\n<figure class=\"wp-block-image size-full fade-in-left\"><img loading=\"lazy\" decoding=\"async\" width=\"615\" height=\"500\" src=\"http:\/\/www.alasso.ch\/wp-content\/uploads\/2025\/01\/charity-organizations.webp\" alt=\"\" class=\"wp-image-657\" srcset=\"https:\/\/www.alasso.ch\/wp-content\/uploads\/2025\/01\/charity-organizations.webp 615w, https:\/\/www.alasso.ch\/wp-content\/uploads\/2025\/01\/charity-organizations-300x244.webp 300w\" sizes=\"auto, (max-width: 615px) 100vw, 615px\" \/><\/figure>\n<\/div>\n<\/div>\n","protected":false},"excerpt":{"rendered":"<p>Unsere Kunden Wir unterst\u00fctzen Alumni Organisationen, Berufsverb\u00e4nde, Politische Parteien, Gemeinn\u00fctzige Organisationen und sonstige Verb\u00e4nde und Vereinigungen bei der effizienten Erledigung ihrer t\u00e4glichen Aufgaben und der effektiven Erreichung ihrer Ziele. Alumni Organisationen Auch nach Abschluss einer Ausbildung miteinander in Kontakt bleiben, an gemeinsamen Anl\u00e4ssen teilnehmen, sich gegenseitig unterst\u00fctzen Networking f\u00fcr Absolventen: Bildungseinrichtungen wie Universit\u00e4ten, Fachhochschulen, Berufsschulen [&hellip;]<\/p>\n","protected":false},"author":2,"featured_media":0,"parent":0,"menu_order":0,"comment_status":"closed","ping_status":"closed","template":"","meta":{"footnotes":""},"class_list":["post-62","page","type-page","status-publish","hentry"],"_links":{"self":[{"href":"https:\/\/www.alasso.ch\/index.php\/wp-json\/wp\/v2\/pages\/62","targetHints":{"allow":["GET"]}}],"collection":[{"href":"https:\/\/www.alasso.ch\/index.php\/wp-json\/wp\/v2\/pages"}],"about":[{"href":"https:\/\/www.alasso.ch\/index.php\/wp-json\/wp\/v2\/types\/page"}],"author":[{"embeddable":true,"href":"https:\/\/www.alasso.ch\/index.php\/wp-json\/wp\/v2\/users\/2"}],"replies":[{"embeddable":true,"href":"https:\/\/www.alasso.ch\/index.php\/wp-json\/wp\/v2\/comments?post=62"}],"version-history":[{"count":20,"href":"https:\/\/www.alasso.ch\/index.php\/wp-json\/wp\/v2\/pages\/62\/revisions"}],"predecessor-version":[{"id":747,"href":"https:\/\/www.alasso.ch\/index.php\/wp-json\/wp\/v2\/pages\/62\/revisions\/747"}],"wp:attachment":[{"href":"https:\/\/www.alasso.ch\/index.php\/wp-json\/wp\/v2\/media?parent=62"}],"curies":[{"name":"wp","href":"https:\/\/api.w.org\/{rel}","templated":true}]}}