{"id":66,"date":"2024-10-18T16:16:11","date_gmt":"2024-10-18T16:16:11","guid":{"rendered":"https:\/\/www.test.artkeymedia.com\/?page_id=66"},"modified":"2025-01-27T06:06:02","modified_gmt":"2025-01-27T06:06:02","slug":"index-deutsch","status":"publish","type":"page","link":"https:\/\/www.alasso.ch\/","title":{"rendered":"Index-de"},"content":{"rendered":"\n<div class=\"wp-block-columns banner fade-in is-layout-flex wp-container-core-columns-is-layout-9d6595d7 wp-block-columns-is-layout-flex\">\n<div class=\"wp-block-column is-layout-flow wp-block-column-is-layout-flow\" style=\"flex-basis:60%\">\n<h1 class=\"wp-block-heading color-title\">Gleichgesinnte verbinden, <mark style=\"background-color:rgba(0, 0, 0, 0);color:#81AC2A\" class=\"has-inline-color\">Weiterentwicklung<\/mark> f\u00f6rdern<\/h1>\n\n\n\n<p>Alasso ist eine Cloud-basierte Social Media Plattform, die es Vereinigungen wie Alumni Organisationen, Berufsverb\u00e4nden, politischen Parteien, gemeinn\u00fctzigen und anderen Organisationen erm\u00f6glicht, sich zu vernetzen, zu kommunizieren und die Vereinigung einfach und effizient zu managen.<\/p>\n<\/div>\n\n\n\n<div class=\"wp-block-column is-layout-flow wp-block-column-is-layout-flow\" style=\"flex-basis:40%\"><div class=\"wp-block-image is-style-default\">\n<figure class=\"alignright size-full is-resized\"><img loading=\"lazy\" decoding=\"async\" width=\"388\" height=\"388\" src=\"http:\/\/www.alasso.ch\/wp-content\/uploads\/2025\/01\/banner-image.webp\" alt=\"\" class=\"wp-image-503\" style=\"width:332px;height:auto\" srcset=\"https:\/\/www.alasso.ch\/wp-content\/uploads\/2025\/01\/banner-image.webp 388w, https:\/\/www.alasso.ch\/wp-content\/uploads\/2025\/01\/banner-image-300x300.webp 300w, https:\/\/www.alasso.ch\/wp-content\/uploads\/2025\/01\/banner-image-150x150.webp 150w\" sizes=\"auto, (max-width: 388px) 100vw, 388px\" \/><\/figure>\n<\/div><\/div>\n<\/div>\n\n\n\n<div class=\"wp-block-columns we-serve fade-in is-layout-flex wp-container-core-columns-is-layout-9d6595d7 wp-block-columns-is-layout-flex\">\n<div class=\"wp-block-column is-vertically-aligned-center is-layout-flow wp-block-column-is-layout-flow\">\n<h2 class=\"wp-block-heading\">Unsere Kunden sind:<\/h2>\n\n\n\n<ul class=\"wp-block-list\">\n<li>Alumni Organisationen<\/li>\n\n\n\n<li>Berufsverb\u00e4nde<\/li>\n\n\n\n<li>Politische Parteien<\/li>\n\n\n\n<li>Gemeinn\u00fctzige Organisationen<\/li>\n\n\n\n<li>Sonstige Verb\u00e4nde und Vereinigungen<\/li>\n<\/ul>\n<\/div>\n\n\n\n<div class=\"wp-block-column is-layout-flow wp-block-column-is-layout-flow\">\n<figure class=\"wp-block-image size-full\"><img loading=\"lazy\" decoding=\"async\" width=\"542\" height=\"304\" src=\"http:\/\/www.alasso.ch\/wp-content\/uploads\/2025\/01\/featured-banner-image.webp\" alt=\"\" class=\"wp-image-505\" srcset=\"https:\/\/www.alasso.ch\/wp-content\/uploads\/2025\/01\/featured-banner-image.webp 542w, https:\/\/www.alasso.ch\/wp-content\/uploads\/2025\/01\/featured-banner-image-300x168.webp 300w\" sizes=\"auto, (max-width: 542px) 100vw, 542px\" \/><\/figure>\n<\/div>\n<\/div>\n\n\n\n<div class=\"wp-block-columns split-content is-layout-flex wp-container-core-columns-is-layout-9d6595d7 wp-block-columns-is-layout-flex\">\n<div class=\"wp-block-column order-1 is-layout-flow wp-block-column-is-layout-flow\">\n<figure class=\"wp-block-image size-full fade-in-right\"><img loading=\"lazy\" decoding=\"async\" width=\"615\" height=\"359\" src=\"http:\/\/www.alasso.ch\/wp-content\/uploads\/2025\/01\/featured-banner-1.webp\" alt=\"\" class=\"wp-image-507\" srcset=\"https:\/\/www.alasso.ch\/wp-content\/uploads\/2025\/01\/featured-banner-1.webp 615w, https:\/\/www.alasso.ch\/wp-content\/uploads\/2025\/01\/featured-banner-1-300x175.webp 300w\" sizes=\"auto, (max-width: 615px) 100vw, 615px\" \/><\/figure>\n<\/div>\n\n\n\n<div class=\"wp-block-column order-2 is-layout-flow wp-block-column-is-layout-flow\">\n<h2 class=\"wp-block-heading color-title\">Nutzen f\u00fcr Mitglieder von Vereinigungen<\/h2>\n\n\n\n<h3 class=\"wp-block-heading sub-text\">Kommunikation, Zusammenarbeit und Stellenangebote jederzeit im Zugriff \u00fcber das Social Media Frontend<\/h3>\n\n\n\n<ul class=\"wp-block-list\">\n<li><strong>Zugriff auf Events und Mitgliederprofile<\/strong><br>Engagiere Dich im Netzwerk und vernetze Dich mit anderen Mitgliedern mit unserer intuitiven Social Media Anwendung &#8211; auf Smartphone, Tablet oder PC<\/li>\n\n\n\n<li><strong>Gruppen<\/strong><br>Bilde Gruppen und arbeite auf einfachste Weise mit anderen Mitgliedern auf Projekten in pers\u00f6nlichen virtuellen Gruppenr\u00e4umen<\/li>\n\n\n\n<li><strong>E-Mail Services<\/strong><br>Sende und empfange E-Mails in Deiner Mailbox mit Deiner pers\u00f6nlichen E-Mail-Adresse von Deiner Vereinigung<\/li>\n\n\n\n<li><strong>Job Plattform<\/strong><br>Entdecke und teile Stellenangebote, die auf die Mitglieder Deiner Vereinigung zugeschnitten sind<\/li>\n<\/ul>\n<\/div>\n<\/div>\n\n\n\n<div class=\"wp-block-columns split-content is-layout-flex wp-container-core-columns-is-layout-9d6595d7 wp-block-columns-is-layout-flex\">\n<div class=\"wp-block-column order-2-mobile is-layout-flow wp-block-column-is-layout-flow\">\n<h2 class=\"wp-block-heading color-title\">Nutzen f\u00fcr Gruppen \/ Abteilungen \/ Unterorganisationen von Vereinigungen<\/h2>\n\n\n\n<h3 class=\"wp-block-heading sub-text\">Manage als Verantwortliche(r) f\u00fcr lokale Gruppen bzw. Abteilungen der Vereinigung die Gruppe und ihre Aktivit\u00e4ten<\/h3>\n\n\n\n<ul class=\"wp-block-list\">\n<li><strong>Community Management der Untergruppen<\/strong><br>Manage und engagiere Mitglieder Deiner Untergruppe und f\u00f6rdere die lokale Zusammenarbeit<\/li>\n\n\n\n<li><strong>Event Management<\/strong><br>Organisiere und manage Anl\u00e4sse, die spezifisch auf die indivduellen Bed\u00fcrfnisse Deiner (Unter-)Gruppe innerhalb der Vereinigung zugeschnitten sind<\/li>\n\n\n\n<li><strong>Reservierter Bereich f\u00fcr Gruppen- bzw. Abteilungsverantwortliche (z.B. lokale Vorst\u00e4nde)<\/strong><br>Betreue und manage Deine Gruppe mit spezifischen Administrations-Tools &#8211; sogar vom Smartphone aus<\/li>\n<\/ul>\n<\/div>\n\n\n\n<div class=\"wp-block-column order-1-mobile is-layout-flow wp-block-column-is-layout-flow\">\n<figure class=\"wp-block-image size-full fade-in-left\"><img loading=\"lazy\" decoding=\"async\" width=\"615\" height=\"359\" src=\"http:\/\/www.alasso.ch\/wp-content\/uploads\/2025\/01\/featured-banner-4.webp\" alt=\"\" class=\"wp-image-511\" srcset=\"https:\/\/www.alasso.ch\/wp-content\/uploads\/2025\/01\/featured-banner-4.webp 615w, https:\/\/www.alasso.ch\/wp-content\/uploads\/2025\/01\/featured-banner-4-300x175.webp 300w\" sizes=\"auto, (max-width: 615px) 100vw, 615px\" \/><\/figure>\n<\/div>\n<\/div>\n\n\n\n<div class=\"wp-block-columns split-content is-layout-flex wp-container-core-columns-is-layout-9d6595d7 wp-block-columns-is-layout-flex\">\n<div class=\"wp-block-column order-1 is-layout-flow wp-block-column-is-layout-flow\">\n<figure class=\"wp-block-image size-full fade-in-right\"><img loading=\"lazy\" decoding=\"async\" width=\"615\" height=\"359\" src=\"http:\/\/www.alasso.ch\/wp-content\/uploads\/2025\/01\/featured-banner-2.webp\" alt=\"\" class=\"wp-image-513\" srcset=\"https:\/\/www.alasso.ch\/wp-content\/uploads\/2025\/01\/featured-banner-2.webp 615w, https:\/\/www.alasso.ch\/wp-content\/uploads\/2025\/01\/featured-banner-2-300x175.webp 300w\" sizes=\"auto, (max-width: 615px) 100vw, 615px\" \/><\/figure>\n<\/div>\n\n\n\n<div class=\"wp-block-column order-2 is-layout-flow wp-block-column-is-layout-flow\">\n<h2 class=\"wp-block-heading color-title\">Nutzen f\u00fcr die Gesch\u00e4ftsstelle einer Vereinigung<\/h2>\n\n\n\n<h3 class=\"wp-block-heading sub-text\">Die Gesch\u00e4ftsstelle einer Vereinigung hocheffizient f\u00fchren &#8211; vom Mitgliedermanagement \u00fcber  Kommunikation und Rechnungswesen bis zu Event Management<\/h3>\n\n\n\n<ul class=\"wp-block-list\">\n<li><strong>Community Management<\/strong><br>Pflege ein aktives und engagiertes Mitgliedernetzwerk<\/li>\n\n\n\n<li><strong>Event management<\/strong><br>F\u00f6rdere eine engagierte Mitglieder-Community<\/li>\n\n\n\n<li><strong>Mailversand<\/strong><br>Sende Publikationen an spezifische Zielgruppen innerhalb der Vereinigung<\/li>\n\n\n\n<li><strong>Mitgliedervorteile<\/strong><br>Stelle den Mitgliedern spezielle, auf sie zugeschnittene Angebote zur Verf\u00fcgung<\/li>\n\n\n\n<li><strong>Mentoring and Coaching<\/strong><br>Unterst\u00fctze pers\u00f6nliches und gesch\u00e4ftliches Wachstum &#8211; vernetze die unterschiedlichen Alters- und Erfahrungsgruppen innerhalb Deiner Vereinigung<\/li>\n\n\n\n<li><strong>Spezieller Management-Bereich f\u00fcr die Mitglieder lokaler Vorst\u00e4nde<\/strong><br>Lokale Gruppen und Abteilungen k\u00f6nnen auf Wunsch sehr dezentral betreut und gemanaged werden<\/li>\n\n\n\n<li><strong>Cloud L\u00f6sungen<\/strong><br>Dokumente k\u00f6nnen mit der Cloud-basierten Plattform sehr effizient bearbeitet und archiviert werden<\/li>\n\n\n\n<li><strong>Analytics<\/strong><br>Umfangreiche Analytics-Werkzeuge unterst\u00fctzen die Verantwortlichen bei der strategischen Weiterentwicklung Ihrer Vereinigung<\/li>\n<\/ul>\n<\/div>\n<\/div>\n\n\n\n<div class=\"wp-block-columns data-protec fade-in-down is-layout-flex wp-container-core-columns-is-layout-9d6595d7 wp-block-columns-is-layout-flex\">\n<div class=\"wp-block-column display-flex is-layout-flow wp-block-column-is-layout-flow\">\n<figure class=\"wp-block-image size-full is-resized\"><img loading=\"lazy\" decoding=\"async\" width=\"45\" height=\"46\" src=\"http:\/\/www.alasso.ch\/wp-content\/uploads\/2025\/01\/Frame-7.webp\" alt=\"\" class=\"wp-image-515\" style=\"object-fit:cover;width:45px;height:45px\"\/><\/figure>\n\n\n\n<div class=\"wp-block-group\"><div class=\"wp-block-group__inner-container is-layout-constrained wp-block-group-is-layout-constrained\">\n<h5 class=\"wp-block-heading\">Schweizer Datenschutz<\/h5>\n\n\n\n<p>ArtKey Media AG untersteht als Entwickler und Betreiber der Alasso-Plattform dem Schweizer Datenschutzgesetz \u2013 alle Daten sind auf unseren eigenen Servern in der Schweiz gespeichert.<\/p>\n<\/div><\/div>\n<\/div>\n\n\n\n<div class=\"wp-block-column display-flex is-layout-flow wp-block-column-is-layout-flow\">\n<figure class=\"wp-block-image size-full\"><img loading=\"lazy\" decoding=\"async\" width=\"45\" height=\"46\" src=\"http:\/\/www.alasso.ch\/wp-content\/uploads\/2025\/01\/Frame-8.webp\" alt=\"\" class=\"wp-image-517\"\/><\/figure>\n\n\n\n<div class=\"wp-block-group\"><div class=\"wp-block-group__inner-container is-layout-constrained wp-block-group-is-layout-constrained\">\n<h5 class=\"wp-block-heading\">SSL Zertifikate<\/h5>\n\n\n\n<p>Der gesamte Datenverkehr zwischen Alasso seinen Nutzern ist verschl\u00fcsselt &#8211; gr\u00f6sstm\u00f6glicher Datenschutz f\u00fcr Deine Vereinigung und Ihre Mitglieder.<\/p>\n<\/div><\/div>\n<\/div>\n\n\n\n<div class=\"wp-block-column display-flex is-layout-flow wp-block-column-is-layout-flow\">\n<figure class=\"wp-block-image size-full\"><img loading=\"lazy\" decoding=\"async\" width=\"45\" height=\"46\" src=\"http:\/\/www.alasso.ch\/wp-content\/uploads\/2025\/01\/Frame-9.webp\" alt=\"\" class=\"wp-image-519\"\/><\/figure>\n\n\n\n<div class=\"wp-block-group\"><div class=\"wp-block-group__inner-container is-layout-constrained wp-block-group-is-layout-constrained\">\n<h5 class=\"wp-block-heading\">Support<\/h5>\n\n\n\n<p>Das Support Team von ArtKey Media verf\u00fcgt \u00fcber erfahrene Mitglieder und ist bekannt f\u00fcr seine Kundenfreundlichkeit.<\/p>\n<\/div><\/div>\n<\/div>\n<\/div>\n\n\n\n<div class=\"wp-block-columns fade-in-down is-layout-flex wp-container-core-columns-is-layout-9d6595d7 wp-block-columns-is-layout-flex\">\n<div class=\"wp-block-column is-vertically-aligned-center testing-banner is-layout-flow wp-block-column-is-layout-flow\">\n<h1 class=\"wp-block-heading has-text-align-center\">Interessiert ?<\/h1>\n\n\n\n<p class=\"has-text-align-center\">Nimm Kontakt mit uns auf.<\/p>\n\n\n\n<div class=\"wp-block-buttons is-content-justification-center is-layout-flex wp-container-core-buttons-is-layout-16018d1d wp-block-buttons-is-layout-flex\">\n<div class=\"wp-block-button trigger-popup popmake-254 popmake-383\"><a class=\"wp-block-button__link has-text-align-center wp-element-button\">Anfrage f\u00fcr Produkt-Demo<\/a><\/div>\n<\/div>\n<\/div>\n<\/div>\n\n\n\n<p><\/p>\n","protected":false},"excerpt":{"rendered":"<p>Gleichgesinnte verbinden, Weiterentwicklung f\u00f6rdern Alasso ist eine Cloud-basierte Social Media Plattform, die es Vereinigungen wie Alumni Organisationen, Berufsverb\u00e4nden, politischen Parteien, gemeinn\u00fctzigen und anderen Organisationen erm\u00f6glicht, sich zu vernetzen, zu kommunizieren und die Vereinigung einfach und effizient zu managen. Unsere Kunden sind: Nutzen f\u00fcr Mitglieder von Vereinigungen Kommunikation, Zusammenarbeit und Stellenangebote jederzeit im Zugriff \u00fcber das [&hellip;]<\/p>\n","protected":false},"author":2,"featured_media":0,"parent":0,"menu_order":0,"comment_status":"closed","ping_status":"closed","template":"","meta":{"footnotes":""},"class_list":["post-66","page","type-page","status-publish","hentry"],"_links":{"self":[{"href":"https:\/\/www.alasso.ch\/index.php\/wp-json\/wp\/v2\/pages\/66","targetHints":{"allow":["GET"]}}],"collection":[{"href":"https:\/\/www.alasso.ch\/index.php\/wp-json\/wp\/v2\/pages"}],"about":[{"href":"https:\/\/www.alasso.ch\/index.php\/wp-json\/wp\/v2\/types\/page"}],"author":[{"embeddable":true,"href":"https:\/\/www.alasso.ch\/index.php\/wp-json\/wp\/v2\/users\/2"}],"replies":[{"embeddable":true,"href":"https:\/\/www.alasso.ch\/index.php\/wp-json\/wp\/v2\/comments?post=66"}],"version-history":[{"count":40,"href":"https:\/\/www.alasso.ch\/index.php\/wp-json\/wp\/v2\/pages\/66\/revisions"}],"predecessor-version":[{"id":791,"href":"https:\/\/www.alasso.ch\/index.php\/wp-json\/wp\/v2\/pages\/66\/revisions\/791"}],"wp:attachment":[{"href":"https:\/\/www.alasso.ch\/index.php\/wp-json\/wp\/v2\/media?parent=66"}],"curies":[{"name":"wp","href":"https:\/\/api.w.org\/{rel}","templated":true}]}}