{"id":68,"date":"2024-10-18T16:16:37","date_gmt":"2024-10-18T16:16:37","guid":{"rendered":"https:\/\/www.test.artkeymedia.com\/?page_id=68"},"modified":"2025-01-24T16:03:35","modified_gmt":"2025-01-24T16:03:35","slug":"mobile-deutsch","status":"publish","type":"page","link":"https:\/\/www.alasso.ch\/index.php\/mobile-deutsch\/","title":{"rendered":"Mobile-d"},"content":{"rendered":"\n<div class=\"wp-block-columns banner fade-in is-layout-flex wp-container-core-columns-is-layout-9d6595d7 wp-block-columns-is-layout-flex\">\n<div class=\"wp-block-column is-layout-flow wp-block-column-is-layout-flow\">\n<h1 class=\"wp-block-heading\">Mobile Funktionen<\/h1>\n\n\n\n<p>Entdecke die volle Leistungsf\u00e4higkeit von Alasso in der mobilen Ansicht auf Smartphone oder Tablet<\/p>\n<\/div>\n\n\n\n<div class=\"wp-block-column is-layout-flow wp-block-column-is-layout-flow\"><div class=\"wp-block-image\">\n<figure class=\"alignright size-full\"><img loading=\"lazy\" decoding=\"async\" width=\"475\" height=\"368\" src=\"http:\/\/www.alasso.ch\/wp-content\/uploads\/2025\/01\/mobile.webp\" alt=\"\" class=\"wp-image-605\" srcset=\"https:\/\/www.alasso.ch\/wp-content\/uploads\/2025\/01\/mobile.webp 475w, https:\/\/www.alasso.ch\/wp-content\/uploads\/2025\/01\/mobile-300x232.webp 300w\" sizes=\"auto, (max-width: 475px) 100vw, 475px\" \/><\/figure>\n<\/div><\/div>\n<\/div>\n\n\n\n<div class=\"wp-block-columns split-content is-layout-flex wp-container-core-columns-is-layout-9d6595d7 wp-block-columns-is-layout-flex\">\n<div class=\"wp-block-column is-layout-flow wp-block-column-is-layout-flow\">\n<figure class=\"wp-block-image size-full fade-in-right\"><img loading=\"lazy\" decoding=\"async\" width=\"586\" height=\"629\" src=\"http:\/\/www.alasso.ch\/wp-content\/uploads\/2025\/01\/alumni-suite-16.webp\" alt=\"\" class=\"wp-image-607\" srcset=\"https:\/\/www.alasso.ch\/wp-content\/uploads\/2025\/01\/alumni-suite-16.webp 586w, https:\/\/www.alasso.ch\/wp-content\/uploads\/2025\/01\/alumni-suite-16-279x300.webp 279w\" sizes=\"auto, (max-width: 586px) 100vw, 586px\" \/><\/figure>\n<\/div>\n\n\n\n<div class=\"wp-block-column is-layout-flow wp-block-column-is-layout-flow\">\n<h2 class=\"wp-block-heading\">Branding \/ Eigenes Logo<\/h2>\n\n\n\n<p>Das Mitglieder-Interface von Alasso ist vollst\u00e4ndig mobile-first aufgebaut. Es passt sich automatisch unterschiedlichen Bildschirmgr\u00f6ssen an, d.h. die Darstellung wurde f\u00fcr zahlreiche unterschiedliche Bildschirmformate optimiert.<\/p>\n\n\n\n<p>Auf Wunsch bieten wir auch eine mobile App an, die noch st\u00e4rker an das Branding Ihrer Vereinigung angepasst werden kann. Bleiben Sie mit Ihren Mitgliedern in Verbindung, verwalten Sie Veranstaltungen und Gruppen, und stellen Sie die Erzielung notwendiger Einnahmen sicher.<\/p>\n<\/div>\n<\/div>\n","protected":false},"excerpt":{"rendered":"<p>Mobile Funktionen Entdecke die volle Leistungsf\u00e4higkeit von Alasso in der mobilen Ansicht auf Smartphone oder Tablet Branding \/ Eigenes Logo Das Mitglieder-Interface von Alasso ist vollst\u00e4ndig mobile-first aufgebaut. Es passt sich automatisch unterschiedlichen Bildschirmgr\u00f6ssen an, d.h. die Darstellung wurde f\u00fcr zahlreiche unterschiedliche Bildschirmformate optimiert. Auf Wunsch bieten wir auch eine mobile App an, die noch [&hellip;]<\/p>\n","protected":false},"author":2,"featured_media":0,"parent":0,"menu_order":0,"comment_status":"closed","ping_status":"closed","template":"","meta":{"footnotes":""},"class_list":["post-68","page","type-page","status-publish","hentry"],"_links":{"self":[{"href":"https:\/\/www.alasso.ch\/index.php\/wp-json\/wp\/v2\/pages\/68","targetHints":{"allow":["GET"]}}],"collection":[{"href":"https:\/\/www.alasso.ch\/index.php\/wp-json\/wp\/v2\/pages"}],"about":[{"href":"https:\/\/www.alasso.ch\/index.php\/wp-json\/wp\/v2\/types\/page"}],"author":[{"embeddable":true,"href":"https:\/\/www.alasso.ch\/index.php\/wp-json\/wp\/v2\/users\/2"}],"replies":[{"embeddable":true,"href":"https:\/\/www.alasso.ch\/index.php\/wp-json\/wp\/v2\/comments?post=68"}],"version-history":[{"count":6,"href":"https:\/\/www.alasso.ch\/index.php\/wp-json\/wp\/v2\/pages\/68\/revisions"}],"predecessor-version":[{"id":611,"href":"https:\/\/www.alasso.ch\/index.php\/wp-json\/wp\/v2\/pages\/68\/revisions\/611"}],"wp:attachment":[{"href":"https:\/\/www.alasso.ch\/index.php\/wp-json\/wp\/v2\/media?parent=68"}],"curies":[{"name":"wp","href":"https:\/\/api.w.org\/{rel}","templated":true}]}}