{"id":70,"date":"2024-10-18T16:16:59","date_gmt":"2024-10-18T16:16:59","guid":{"rendered":"https:\/\/www.test.artkeymedia.com\/?page_id=70"},"modified":"2025-01-24T16:01:58","modified_gmt":"2025-01-24T16:01:58","slug":"movetisierung","status":"publish","type":"page","link":"https:\/\/www.alasso.ch\/index.php\/movetisierung\/","title":{"rendered":"Monetarisierung"},"content":{"rendered":"\n<div class=\"wp-block-columns banner fade-in is-layout-flex wp-container-core-columns-is-layout-9d6595d7 wp-block-columns-is-layout-flex\">\n<div class=\"wp-block-column is-layout-flow wp-block-column-is-layout-flow\">\n<h1 class=\"wp-block-heading\">Eink\u00fcnfte erzielen<\/h1>\n\n\n\n<p>Die Verwaltung und Entwicklung einer Vereinigung, eines Berufsverbands oder einer Partei, aber auch einer gemeinn\u00fctzigen Organisation, ist kostspielig. Sichern Sie sich die notwendigen Einnahmen auf effiziente Art und Weise mit Alasso.<\/p>\n<\/div>\n\n\n\n<div class=\"wp-block-column is-layout-flow wp-block-column-is-layout-flow\"><div class=\"wp-block-image\">\n<figure class=\"alignright size-full\"><img loading=\"lazy\" decoding=\"async\" width=\"509\" height=\"363\" src=\"http:\/\/www.alasso.ch\/wp-content\/uploads\/2025\/01\/monetization.webp\" alt=\"\" class=\"wp-image-591\" srcset=\"https:\/\/www.alasso.ch\/wp-content\/uploads\/2025\/01\/monetization.webp 509w, https:\/\/www.alasso.ch\/wp-content\/uploads\/2025\/01\/monetization-300x214.webp 300w\" sizes=\"auto, (max-width: 509px) 100vw, 509px\" \/><\/figure>\n<\/div><\/div>\n<\/div>\n\n\n\n<div class=\"wp-block-columns split-content is-layout-flex wp-container-core-columns-is-layout-9d6595d7 wp-block-columns-is-layout-flex\">\n<div class=\"wp-block-column is-layout-flow wp-block-column-is-layout-flow\">\n<figure class=\"wp-block-image size-full fade-in-right\"><img loading=\"lazy\" decoding=\"async\" width=\"586\" height=\"264\" src=\"http:\/\/www.alasso.ch\/wp-content\/uploads\/2025\/01\/alumni-suite-13.webp\" alt=\"\" class=\"wp-image-593\" srcset=\"https:\/\/www.alasso.ch\/wp-content\/uploads\/2025\/01\/alumni-suite-13.webp 586w, https:\/\/www.alasso.ch\/wp-content\/uploads\/2025\/01\/alumni-suite-13-300x135.webp 300w\" sizes=\"auto, (max-width: 586px) 100vw, 586px\" \/><\/figure>\n<\/div>\n\n\n\n<div class=\"wp-block-column is-layout-flow wp-block-column-is-layout-flow\">\n<h2 class=\"wp-block-heading\">Mitgliederbeitr\u00e4ge<\/h2>\n\n\n\n<p>Wir bieten Ihnen die M\u00f6glichkeit, flexible Mitgliedschaftspl\u00e4ne zu nutzen, um die finanziellen Eink\u00fcnfte ihrer Vereinigung sicherzustellen. Mit unserer Funktion f\u00fcr Mitgliedschaftspl\u00e4ne k\u00f6nnen Sie ganz einfach verschiedene Mitgliedschaftsstufen einrichten und verwalten und Mitgliedsbeitr\u00e4ge von Ihren Nutzern einziehen. Je nach Mitgliedschaft k\u00f6nnen sie ihren Mitgliedern den Zugang zu exklusiven zus\u00e4tzlichen Funktionen und Vorteilen auf der Plattform erm\u00f6glichen, so dass sie ihnen ein noch interessanteres und wertvolleres Erlebnis bieten k\u00f6nnen.<\/p>\n<\/div>\n<\/div>\n\n\n\n<div class=\"wp-block-columns split-content is-layout-flex wp-container-core-columns-is-layout-9d6595d7 wp-block-columns-is-layout-flex\">\n<div class=\"wp-block-column order-2-mobile is-layout-flow wp-block-column-is-layout-flow\">\n<h2 class=\"wp-block-heading\">Event Tickets &amp; Spenden<\/h2>\n\n\n\n<p>Erschliessen sie Ihr Einnahmenpotenzial mit unserer Funktion f\u00fcr Veranstaltungstickets und Spenden. Sie k\u00f6nnen Tickets f\u00fcr ihre Veranstaltungen erstellen und verkaufen und so Einnahmen erzielen, w\u00e4hrend Sie Ihrer Vereinigung spannende und wertvolle Erlebnisse bieten. Unsere Plattform bietet eine benutzerfreundliche Oberfl\u00e4che f\u00fcr die Verwaltung von Veranstaltungstickets und die Nachverfolgung von Verk\u00e4ufen, so dass Sie mit ihren Veranstaltungen auf einfache Weise Eink\u00fcnfte erzielen und dabei gleichzeitig die Mitglieder ihrer Vereinigung noch st\u00e4rker einbinden k\u00f6nnen.<\/p>\n<\/div>\n\n\n\n<div class=\"wp-block-column order-1-mobile is-layout-flow wp-block-column-is-layout-flow\">\n<figure class=\"wp-block-image size-full fade-in-left\"><img loading=\"lazy\" decoding=\"async\" width=\"586\" height=\"264\" src=\"http:\/\/www.alasso.ch\/wp-content\/uploads\/2025\/01\/alumni-suite-14.webp\" alt=\"\" class=\"wp-image-595\" srcset=\"https:\/\/www.alasso.ch\/wp-content\/uploads\/2025\/01\/alumni-suite-14.webp 586w, https:\/\/www.alasso.ch\/wp-content\/uploads\/2025\/01\/alumni-suite-14-300x135.webp 300w\" sizes=\"auto, (max-width: 586px) 100vw, 586px\" \/><\/figure>\n<\/div>\n<\/div>\n\n\n\n<div class=\"wp-block-columns split-content is-layout-flex wp-container-core-columns-is-layout-9d6595d7 wp-block-columns-is-layout-flex\">\n<div class=\"wp-block-column is-layout-flow wp-block-column-is-layout-flow\">\n<figure class=\"wp-block-image size-full fade-in-right\"><img loading=\"lazy\" decoding=\"async\" width=\"586\" height=\"264\" src=\"http:\/\/www.alasso.ch\/wp-content\/uploads\/2025\/01\/alumni-suite-15.webp\" alt=\"\" class=\"wp-image-597\" srcset=\"https:\/\/www.alasso.ch\/wp-content\/uploads\/2025\/01\/alumni-suite-15.webp 586w, https:\/\/www.alasso.ch\/wp-content\/uploads\/2025\/01\/alumni-suite-15-300x135.webp 300w\" sizes=\"auto, (max-width: 586px) 100vw, 586px\" \/><\/figure>\n<\/div>\n\n\n\n<div class=\"wp-block-column is-layout-flow wp-block-column-is-layout-flow\">\n<h2 class=\"wp-block-heading\">Produkte Shop<\/h2>\n\n\n\n<p>Mit dem Shop-Modul bieten wir eine problemlose L\u00f6sung f\u00fcr den Verkauf von Waren und digitalen Inhalten sowie f\u00fcr die Verwaltung von Zeitschriftenabonnements und mehr. Dank einfacher Einrichtung und Anpassungsm\u00f6glichkeiten k\u00f6nnen Sie im Handumdrehen mit dem Verkauf Ihrer Produkte beginnen.<\/p>\n<\/div>\n<\/div>\n","protected":false},"excerpt":{"rendered":"<p>Eink\u00fcnfte erzielen Die Verwaltung und Entwicklung einer Vereinigung, eines Berufsverbands oder einer Partei, aber auch einer gemeinn\u00fctzigen Organisation, ist kostspielig. Sichern Sie sich die notwendigen Einnahmen auf effiziente Art und Weise mit Alasso. Mitgliederbeitr\u00e4ge Wir bieten Ihnen die M\u00f6glichkeit, flexible Mitgliedschaftspl\u00e4ne zu nutzen, um die finanziellen Eink\u00fcnfte ihrer Vereinigung sicherzustellen. Mit unserer Funktion f\u00fcr Mitgliedschaftspl\u00e4ne [&hellip;]<\/p>\n","protected":false},"author":2,"featured_media":0,"parent":0,"menu_order":0,"comment_status":"closed","ping_status":"closed","template":"","meta":{"footnotes":""},"class_list":["post-70","page","type-page","status-publish","hentry"],"_links":{"self":[{"href":"https:\/\/www.alasso.ch\/index.php\/wp-json\/wp\/v2\/pages\/70","targetHints":{"allow":["GET"]}}],"collection":[{"href":"https:\/\/www.alasso.ch\/index.php\/wp-json\/wp\/v2\/pages"}],"about":[{"href":"https:\/\/www.alasso.ch\/index.php\/wp-json\/wp\/v2\/types\/page"}],"author":[{"embeddable":true,"href":"https:\/\/www.alasso.ch\/index.php\/wp-json\/wp\/v2\/users\/2"}],"replies":[{"embeddable":true,"href":"https:\/\/www.alasso.ch\/index.php\/wp-json\/wp\/v2\/comments?post=70"}],"version-history":[{"count":9,"href":"https:\/\/www.alasso.ch\/index.php\/wp-json\/wp\/v2\/pages\/70\/revisions"}],"predecessor-version":[{"id":601,"href":"https:\/\/www.alasso.ch\/index.php\/wp-json\/wp\/v2\/pages\/70\/revisions\/601"}],"wp:attachment":[{"href":"https:\/\/www.alasso.ch\/index.php\/wp-json\/wp\/v2\/media?parent=70"}],"curies":[{"name":"wp","href":"https:\/\/api.w.org\/{rel}","templated":true}]}}