{"id":82,"date":"2024-10-18T16:20:46","date_gmt":"2024-10-18T16:20:46","guid":{"rendered":"https:\/\/www.test.artkeymedia.com\/?page_id=82"},"modified":"2025-01-25T21:30:20","modified_gmt":"2025-01-25T21:30:20","slug":"mobile-french","status":"publish","type":"page","link":"https:\/\/www.alasso.ch\/index.php\/fr\/mobile-french\/","title":{"rendered":"Mobile-f"},"content":{"rendered":"\n<div class=\"wp-block-columns banner fade-in is-layout-flex wp-container-core-columns-is-layout-9d6595d7 wp-block-columns-is-layout-flex\">\n<div class=\"wp-block-column is-layout-flow wp-block-column-is-layout-flow\">\n<h1 class=\"wp-block-heading\">Fonctions mobiles<\/h1>\n\n\n\n<p>D\u00e9couvre toute la puissance d&#8217;Alasso en version mobile sur smartphone ou tablette<\/p>\n<\/div>\n\n\n\n<div class=\"wp-block-column is-layout-flow wp-block-column-is-layout-flow\"><div class=\"wp-block-image\">\n<figure class=\"alignright size-full\"><img loading=\"lazy\" decoding=\"async\" width=\"475\" height=\"368\" src=\"http:\/\/www.alasso.ch\/wp-content\/uploads\/2025\/01\/mobile.webp\" alt=\"\" class=\"wp-image-605\" srcset=\"https:\/\/www.alasso.ch\/wp-content\/uploads\/2025\/01\/mobile.webp 475w, https:\/\/www.alasso.ch\/wp-content\/uploads\/2025\/01\/mobile-300x232.webp 300w\" sizes=\"auto, (max-width: 475px) 100vw, 475px\" \/><\/figure>\n<\/div><\/div>\n<\/div>\n\n\n\n<div class=\"wp-block-columns split-content is-layout-flex wp-container-core-columns-is-layout-9d6595d7 wp-block-columns-is-layout-flex\">\n<div class=\"wp-block-column is-layout-flow wp-block-column-is-layout-flow\">\n<figure class=\"wp-block-image size-full fade-in-right\"><img loading=\"lazy\" decoding=\"async\" width=\"586\" height=\"629\" src=\"http:\/\/www.alasso.ch\/wp-content\/uploads\/2025\/01\/alumni-suite-16.webp\" alt=\"\" class=\"wp-image-607\" srcset=\"https:\/\/www.alasso.ch\/wp-content\/uploads\/2025\/01\/alumni-suite-16.webp 586w, https:\/\/www.alasso.ch\/wp-content\/uploads\/2025\/01\/alumni-suite-16-279x300.webp 279w\" sizes=\"auto, (max-width: 586px) 100vw, 586px\" \/><\/figure>\n<\/div>\n\n\n\n<div class=\"wp-block-column is-layout-flow wp-block-column-is-layout-flow\">\n<h2 class=\"wp-block-heading\">Branding \/ Votre propre logo<\/h2>\n\n\n\n<p>Emmenez votre communaut\u00e9 d&#8217;anciens avec vous o\u00f9 que vous alliez ! Notre plateforme est enti\u00e8rement adapt\u00e9e aux mobiles et nous proposons \u00e9galement une application mobile qui peut \u00eatre personnalis\u00e9e en fonction de l&#8217;image de marque de votre organisation. Restez en contact avec vos membres, g\u00e9rez des \u00e9v\u00e9nements et des groupes, et m\u00eame mon\u00e9tisez votre communaut\u00e9 depuis la paume de votre main.<\/p>\n<\/div>\n<\/div>\n","protected":false},"excerpt":{"rendered":"<p>Fonctions mobiles D\u00e9couvre toute la puissance d&#8217;Alasso en version mobile sur smartphone ou tablette Branding \/ Votre propre logo Emmenez votre communaut\u00e9 d&#8217;anciens avec vous o\u00f9 que vous alliez ! Notre plateforme est enti\u00e8rement adapt\u00e9e aux mobiles et nous proposons \u00e9galement une application mobile qui peut \u00eatre personnalis\u00e9e en fonction de l&#8217;image de marque de [&hellip;]<\/p>\n","protected":false},"author":2,"featured_media":0,"parent":0,"menu_order":0,"comment_status":"closed","ping_status":"closed","template":"","meta":{"footnotes":""},"class_list":["post-82","page","type-page","status-publish","hentry"],"_links":{"self":[{"href":"https:\/\/www.alasso.ch\/index.php\/wp-json\/wp\/v2\/pages\/82","targetHints":{"allow":["GET"]}}],"collection":[{"href":"https:\/\/www.alasso.ch\/index.php\/wp-json\/wp\/v2\/pages"}],"about":[{"href":"https:\/\/www.alasso.ch\/index.php\/wp-json\/wp\/v2\/types\/page"}],"author":[{"embeddable":true,"href":"https:\/\/www.alasso.ch\/index.php\/wp-json\/wp\/v2\/users\/2"}],"replies":[{"embeddable":true,"href":"https:\/\/www.alasso.ch\/index.php\/wp-json\/wp\/v2\/comments?post=82"}],"version-history":[{"count":7,"href":"https:\/\/www.alasso.ch\/index.php\/wp-json\/wp\/v2\/pages\/82\/revisions"}],"predecessor-version":[{"id":697,"href":"https:\/\/www.alasso.ch\/index.php\/wp-json\/wp\/v2\/pages\/82\/revisions\/697"}],"wp:attachment":[{"href":"https:\/\/www.alasso.ch\/index.php\/wp-json\/wp\/v2\/media?parent=82"}],"curies":[{"name":"wp","href":"https:\/\/api.w.org\/{rel}","templated":true}]}}