{"id":85,"date":"2024-10-18T16:21:14","date_gmt":"2024-10-18T16:21:14","guid":{"rendered":"https:\/\/www.test.artkeymedia.com\/?page_id=85"},"modified":"2025-01-25T21:28:22","modified_gmt":"2025-01-25T21:28:22","slug":"index-2","status":"publish","type":"page","link":"https:\/\/www.alasso.ch\/index.php\/fr\/index-2\/","title":{"rendered":"Index-fr"},"content":{"rendered":"\n<div class=\"wp-block-columns banner fade-in is-layout-flex wp-container-core-columns-is-layout-9d6595d7 wp-block-columns-is-layout-flex\">\n<div class=\"wp-block-column is-layout-flow wp-block-column-is-layout-flow\" style=\"flex-basis:60%\">\n<h1 class=\"wp-block-heading color-title\">Connecter les communaut\u00e9s, inspirer le&nbsp;<mark style=\"background-color:rgba(0, 0, 0, 0);color:#81AC2A\" class=\"has-inline-color\">progr\u00e8s<\/mark><\/h1>\n\n\n\n<p>Alasso est une plateforme internet qui permet aux associations telles que les associations d&#8217;anciens \u00e9l\u00e8ves, les associations professionnelles, les partis politiques ou les organisations caritatives de d\u00e9velopper strat\u00e9giquement leurs organisations et de les g\u00e9rer facilement et efficacement.<\/p>\n<\/div>\n\n\n\n<div class=\"wp-block-column is-layout-flow wp-block-column-is-layout-flow\" style=\"flex-basis:40%\"><div class=\"wp-block-image is-style-default\">\n<figure class=\"alignright size-full is-resized\"><img loading=\"lazy\" decoding=\"async\" width=\"388\" height=\"388\" src=\"http:\/\/www.alasso.ch\/wp-content\/uploads\/2025\/01\/banner-image.webp\" alt=\"\" class=\"wp-image-503\" style=\"width:388px\" srcset=\"https:\/\/www.alasso.ch\/wp-content\/uploads\/2025\/01\/banner-image.webp 388w, https:\/\/www.alasso.ch\/wp-content\/uploads\/2025\/01\/banner-image-300x300.webp 300w, https:\/\/www.alasso.ch\/wp-content\/uploads\/2025\/01\/banner-image-150x150.webp 150w\" sizes=\"auto, (max-width: 388px) 100vw, 388px\" \/><\/figure>\n<\/div><\/div>\n<\/div>\n\n\n\n<div class=\"wp-block-columns we-serve fade-in is-layout-flex wp-container-core-columns-is-layout-9d6595d7 wp-block-columns-is-layout-flex\">\n<div class=\"wp-block-column is-vertically-aligned-center is-layout-flow wp-block-column-is-layout-flow\">\n<h2 class=\"wp-block-heading\">Nos clients sont:<\/h2>\n\n\n\n<ul class=\"wp-block-list\">\n<li>associations d&#8217;anciens \u00e9l\u00e8ves<\/li>\n\n\n\n<li>ssociations professionnelles<\/li>\n\n\n\n<li>partis politiques<\/li>\n\n\n\n<li>organisations caritatives<\/li>\n<\/ul>\n<\/div>\n\n\n\n<div class=\"wp-block-column is-layout-flow wp-block-column-is-layout-flow\">\n<figure class=\"wp-block-image size-full\"><img loading=\"lazy\" decoding=\"async\" width=\"542\" height=\"304\" src=\"http:\/\/www.alasso.ch\/wp-content\/uploads\/2025\/01\/featured-banner-image.webp\" alt=\"\" class=\"wp-image-505\" srcset=\"https:\/\/www.alasso.ch\/wp-content\/uploads\/2025\/01\/featured-banner-image.webp 542w, https:\/\/www.alasso.ch\/wp-content\/uploads\/2025\/01\/featured-banner-image-300x168.webp 300w\" sizes=\"auto, (max-width: 542px) 100vw, 542px\" \/><\/figure>\n<\/div>\n<\/div>\n\n\n\n<div class=\"wp-block-columns split-content is-layout-flex wp-container-core-columns-is-layout-9d6595d7 wp-block-columns-is-layout-flex\">\n<div class=\"wp-block-column order-1 is-layout-flow wp-block-column-is-layout-flow\">\n<figure class=\"wp-block-image size-full fade-in-right\"><img loading=\"lazy\" decoding=\"async\" width=\"615\" height=\"359\" src=\"http:\/\/www.alasso.ch\/wp-content\/uploads\/2025\/01\/featured-banner-1.webp\" alt=\"\" class=\"wp-image-507\" srcset=\"https:\/\/www.alasso.ch\/wp-content\/uploads\/2025\/01\/featured-banner-1.webp 615w, https:\/\/www.alasso.ch\/wp-content\/uploads\/2025\/01\/featured-banner-1-300x175.webp 300w\" sizes=\"auto, (max-width: 615px) 100vw, 615px\" \/><\/figure>\n<\/div>\n\n\n\n<div class=\"wp-block-column order-2 is-layout-flow wp-block-column-is-layout-flow\">\n<h2 class=\"wp-block-heading color-title\">Avantages pour les members<\/h2>\n\n\n\n<h3 class=\"wp-block-heading sub-text\">Rationaliser la communication, la collaboration et les opportunit\u00e9s d&#8217;emploi<\/h3>\n\n\n\n<ul class=\"wp-block-list\">\n<li><strong>Social Media Frontend<\/strong><br>Engage and connect within the network using our intuitive social media interface<\/li>\n\n\n\n<li><strong>Job Platform<\/strong><br>S&#8217;engager et se connecter au sein du r\u00e9seau en utilisant notre interface intuitive de m\u00e9dias sociaux<\/li>\n\n\n\n<li><strong>Groups<\/strong><br>Collaborer efficacement sur des projets dans des espaces de groupe personnalis\u00e9s<\/li>\n\n\n\n<li><strong>E-Mail services<\/strong><br>Envoyer et recevoir des courriels en utilisant votre adresse unique de membre pour une communication sans faille<\/li>\n<\/ul>\n<\/div>\n<\/div>\n\n\n\n<div class=\"wp-block-columns split-content is-layout-flex wp-container-core-columns-is-layout-9d6595d7 wp-block-columns-is-layout-flex\">\n<div class=\"wp-block-column order-2-mobile is-layout-flow wp-block-column-is-layout-flow\">\n<h2 class=\"wp-block-heading color-title\">Pour les groupes \/ chapitres \/ sous-entit\u00e9s<\/h2>\n\n\n\n<h3 class=\"wp-block-heading sub-text\">G\u00e9rer et superviser des groupes ou des sections locales<\/h3>\n\n\n\n<ul class=\"wp-block-list\">\n<li><strong>Gestion communautaire des sous-entit\u00e9s<\/strong><br>Superviser et impliquer les membres au sein des sous-entit\u00e9s afin de favoriser la collaboration locale<\/li>\n\n\n\n<li><strong>Event Management<\/strong><br>Organiser et g\u00e9rer des \u00e9v\u00e9nements sp\u00e9cifiques aux besoins des diff\u00e9rents groupes ou sections<\/li>\n\n\n\n<li><strong>Zone discr\u00e8te pour la gestion d&#8217;un groupe ou d&#8217;un chapitre<\/strong><br>G\u00e9rer en toute s\u00e9curit\u00e9 les op\u00e9rations d&#8217;un groupe ou d&#8217;un chapitre \u00e0 l&#8217;aide d&#8217;outils administratifs d\u00e9di\u00e9s<\/li>\n<\/ul>\n<\/div>\n\n\n\n<div class=\"wp-block-column order-1-mobile is-layout-flow wp-block-column-is-layout-flow\">\n<figure class=\"wp-block-image size-full fade-in-left\"><img loading=\"lazy\" decoding=\"async\" width=\"615\" height=\"359\" src=\"http:\/\/www.alasso.ch\/wp-content\/uploads\/2025\/01\/featured-banner-4.webp\" alt=\"\" class=\"wp-image-511\" srcset=\"https:\/\/www.alasso.ch\/wp-content\/uploads\/2025\/01\/featured-banner-4.webp 615w, https:\/\/www.alasso.ch\/wp-content\/uploads\/2025\/01\/featured-banner-4-300x175.webp 300w\" sizes=\"auto, (max-width: 615px) 100vw, 615px\" \/><\/figure>\n<\/div>\n<\/div>\n\n\n\n<div class=\"wp-block-columns split-content is-layout-flex wp-container-core-columns-is-layout-9d6595d7 wp-block-columns-is-layout-flex\">\n<div class=\"wp-block-column order-1 is-layout-flow wp-block-column-is-layout-flow\">\n<figure class=\"wp-block-image size-full fade-in-right\"><img loading=\"lazy\" decoding=\"async\" width=\"615\" height=\"359\" src=\"http:\/\/www.alasso.ch\/wp-content\/uploads\/2025\/01\/featured-banner-2.webp\" alt=\"\" class=\"wp-image-513\" srcset=\"https:\/\/www.alasso.ch\/wp-content\/uploads\/2025\/01\/featured-banner-2.webp 615w, https:\/\/www.alasso.ch\/wp-content\/uploads\/2025\/01\/featured-banner-2-300x175.webp 300w\" sizes=\"auto, (max-width: 615px) 100vw, 615px\" \/><\/figure>\n<\/div>\n\n\n\n<div class=\"wp-block-column order-2 is-layout-flow wp-block-column-is-layout-flow\">\n<h2 class=\"wp-block-heading color-title\">Pour le secr\u00e9tariat central<\/h2>\n\n\n\n<h3 class=\"wp-block-heading sub-text\">G\u00e9rer efficacement l&#8217;engagement communautaire et les op\u00e9rations<\/h3>\n\n\n\n<ul class=\"wp-block-list\">\n<li><strong>Community Management<\/strong><br>Maintenir un r\u00e9seau de personnes actives et engag\u00e9es<\/li>\n\n\n\n<li><strong>Gestion des \u00e9v\u00e9nements<\/strong><br>Favoriser une communaut\u00e9 engag\u00e9e<\/li>\n\n\n\n<li><strong>Envois en masse<\/strong><br>Envoyer des publications \u00e0 des groupes cibles sp\u00e9cifiques<\/li>\n\n\n\n<li><strong>Membership Benefits<\/strong><br>Soutenir le plan d&#8217;adh\u00e9sion individuel<\/li>\n\n\n\n<li><strong>Mentorat et coaching<\/strong><br>Faciliter le d\u00e9veloppement personnel et professionnel<\/li>\n\n\n\n<li><strong><strong>Zone discr\u00e8te pour la gestion d&#8217;un groupe ou d&#8217;un chapitre<\/strong><\/strong><br>G\u00e9rer et superviser les groupes locaux et utiliser la possibilit\u00e9 d&#8217;administrer les processus individuels des groupes<\/li>\n\n\n\n<li><strong>Cloud Solution<\/strong><br>Archivez et g\u00e9rez efficacement vos documents gr\u00e2ce \u00e0 notre syst\u00e8me bas\u00e9 sur le cloud.<\/li>\n\n\n\n<li><strong>Analytics<\/strong><br>Acqu\u00e9rir des connaissances et une compr\u00e9hension fond\u00e9e sur les donn\u00e9es afin d&#8217;\u00e9clairer vos strat\u00e9gies<\/li>\n<\/ul>\n<\/div>\n<\/div>\n\n\n\n<div class=\"wp-block-columns data-protec fade-in-down is-layout-flex wp-container-core-columns-is-layout-9d6595d7 wp-block-columns-is-layout-flex\">\n<div class=\"wp-block-column display-flex is-layout-flow wp-block-column-is-layout-flow\">\n<figure class=\"wp-block-image size-full is-resized\"><img loading=\"lazy\" decoding=\"async\" width=\"45\" height=\"46\" src=\"http:\/\/www.alasso.ch\/wp-content\/uploads\/2025\/01\/Frame-7.webp\" alt=\"\" class=\"wp-image-515\" style=\"object-fit:cover;width:45px;height:45px\"\/><\/figure>\n\n\n\n<div class=\"wp-block-group\"><div class=\"wp-block-group__inner-container is-layout-constrained wp-block-group-is-layout-constrained\">\n<h5 class=\"wp-block-heading\">Swiss Data Protection<\/h5>\n\n\n\n<p>ArtKey Media Inc, en tant que d\u00e9veloppeur et op\u00e9rateur d&#8217;Alasso, est soumis au r\u00e8glement suisse sur la protection des donn\u00e9es &#8211; toutes les donn\u00e9es sont stock\u00e9es sur nos propres serveurs en Suisse.<\/p>\n<\/div><\/div>\n<\/div>\n\n\n\n<div class=\"wp-block-column display-flex is-layout-flow wp-block-column-is-layout-flow\">\n<figure class=\"wp-block-image size-full\"><img loading=\"lazy\" decoding=\"async\" width=\"45\" height=\"46\" src=\"http:\/\/www.alasso.ch\/wp-content\/uploads\/2025\/01\/Frame-8.webp\" alt=\"\" class=\"wp-image-517\"\/><\/figure>\n\n\n\n<div class=\"wp-block-group\"><div class=\"wp-block-group__inner-container is-layout-constrained wp-block-group-is-layout-constrained\">\n<h5 class=\"wp-block-heading\">SSL Certificate<\/h5>\n\n\n\n<p>Toutes les donn\u00e9es \u00e9chang\u00e9es entre Alasso et ses utilisateurs sont crypt\u00e9es &#8211; une protection maximale des donn\u00e9es pour votre organisation et vos membres.<\/p>\n<\/div><\/div>\n<\/div>\n\n\n\n<div class=\"wp-block-column display-flex is-layout-flow wp-block-column-is-layout-flow\">\n<figure class=\"wp-block-image size-full\"><img loading=\"lazy\" decoding=\"async\" width=\"45\" height=\"46\" src=\"http:\/\/www.alasso.ch\/wp-content\/uploads\/2025\/01\/Frame-9.webp\" alt=\"\" class=\"wp-image-519\"\/><\/figure>\n\n\n\n<div class=\"wp-block-group\"><div class=\"wp-block-group__inner-container is-layout-constrained wp-block-group-is-layout-constrained\">\n<h5 class=\"wp-block-heading\">Support<\/h5>\n\n\n\n<p>L&#8217;\u00e9quipe de support d&#8217;ArtKey Media est compos\u00e9e de membres exp\u00e9riment\u00e9s et est connue pour sa grande convivialit\u00e9 avec les clients.<\/p>\n<\/div><\/div>\n<\/div>\n<\/div>\n\n\n\n<div class=\"wp-block-columns fade-in-down is-layout-flex wp-container-core-columns-is-layout-9d6595d7 wp-block-columns-is-layout-flex\">\n<div class=\"wp-block-column is-vertically-aligned-center testing-banner is-layout-flow wp-block-column-is-layout-flow\">\n<h1 class=\"wp-block-heading has-text-align-center\">Pr\u00eat \u00e0 le tester ?<\/h1>\n\n\n\n<p class=\"has-text-align-center\">Prenez contact avec nous.<\/p>\n\n\n\n<div class=\"wp-block-buttons is-content-justification-center is-layout-flex wp-container-core-buttons-is-layout-16018d1d wp-block-buttons-is-layout-flex\">\n<div class=\"wp-block-button trigger-popup popmake-256 popmake-383\"><a class=\"wp-block-button__link has-text-align-center wp-element-button\">Demander une d\u00e9mo<\/a><\/div>\n<\/div>\n<\/div>\n<\/div>\n\n\n\n<p><\/p>\n","protected":false},"excerpt":{"rendered":"<p>Connecter les communaut\u00e9s, inspirer le&nbsp;progr\u00e8s Alasso est une plateforme internet qui permet aux associations telles que les associations d&#8217;anciens \u00e9l\u00e8ves, les associations professionnelles, les partis politiques ou les organisations caritatives de d\u00e9velopper strat\u00e9giquement leurs organisations et de les g\u00e9rer facilement et efficacement. Nos clients sont: Avantages pour les members Rationaliser la communication, la collaboration et [&hellip;]<\/p>\n","protected":false},"author":2,"featured_media":0,"parent":0,"menu_order":0,"comment_status":"closed","ping_status":"closed","template":"","meta":{"footnotes":""},"class_list":["post-85","page","type-page","status-publish","hentry"],"_links":{"self":[{"href":"https:\/\/www.alasso.ch\/index.php\/wp-json\/wp\/v2\/pages\/85","targetHints":{"allow":["GET"]}}],"collection":[{"href":"https:\/\/www.alasso.ch\/index.php\/wp-json\/wp\/v2\/pages"}],"about":[{"href":"https:\/\/www.alasso.ch\/index.php\/wp-json\/wp\/v2\/types\/page"}],"author":[{"embeddable":true,"href":"https:\/\/www.alasso.ch\/index.php\/wp-json\/wp\/v2\/users\/2"}],"replies":[{"embeddable":true,"href":"https:\/\/www.alasso.ch\/index.php\/wp-json\/wp\/v2\/comments?post=85"}],"version-history":[{"count":14,"href":"https:\/\/www.alasso.ch\/index.php\/wp-json\/wp\/v2\/pages\/85\/revisions"}],"predecessor-version":[{"id":693,"href":"https:\/\/www.alasso.ch\/index.php\/wp-json\/wp\/v2\/pages\/85\/revisions\/693"}],"wp:attachment":[{"href":"https:\/\/www.alasso.ch\/index.php\/wp-json\/wp\/v2\/media?parent=85"}],"curies":[{"name":"wp","href":"https:\/\/api.w.org\/{rel}","templated":true}]}}