{"id":95,"date":"2024-10-18T16:23:16","date_gmt":"2024-10-18T16:23:16","guid":{"rendered":"https:\/\/www.test.artkeymedia.com\/?page_id=95"},"modified":"2025-01-26T15:47:25","modified_gmt":"2025-01-26T15:47:25","slug":"analytique","status":"publish","type":"page","link":"https:\/\/www.alasso.ch\/index.php\/fr\/analytique\/","title":{"rendered":"Analytique"},"content":{"rendered":"\n<div class=\"wp-block-columns banner fade-in is-layout-flex wp-container-core-columns-is-layout-9d6595d7 wp-block-columns-is-layout-flex\">\n<div class=\"wp-block-column is-layout-flow wp-block-column-is-layout-flow\">\n<h1 class=\"wp-block-heading\">Analytique<\/h1>\n\n\n\n<p>Suivez la performance de votre plateforme Internet et optimisez votre strat\u00e9gie de gestion des membres avec les outils d&#8217;analyse Alasso<\/p>\n<\/div>\n\n\n\n<div class=\"wp-block-column is-layout-flow wp-block-column-is-layout-flow\"><div class=\"wp-block-image\">\n<figure class=\"alignright size-full\"><img loading=\"lazy\" decoding=\"async\" width=\"455\" height=\"358\" src=\"http:\/\/www.alasso.ch\/wp-content\/uploads\/2025\/01\/analytics.webp\" alt=\"\" class=\"wp-image-533\" srcset=\"https:\/\/www.alasso.ch\/wp-content\/uploads\/2025\/01\/analytics.webp 455w, https:\/\/www.alasso.ch\/wp-content\/uploads\/2025\/01\/analytics-300x236.webp 300w\" sizes=\"auto, (max-width: 455px) 100vw, 455px\" \/><\/figure>\n<\/div><\/div>\n<\/div>\n\n\n\n<div class=\"wp-block-columns split-content is-layout-flex wp-container-core-columns-is-layout-9d6595d7 wp-block-columns-is-layout-flex\">\n<div class=\"wp-block-column is-layout-flow wp-block-column-is-layout-flow\">\n<figure class=\"wp-block-image size-full fade-in-right\"><img loading=\"lazy\" decoding=\"async\" width=\"586\" height=\"264\" src=\"http:\/\/www.alasso.ch\/wp-content\/uploads\/2025\/01\/alumni-suite-8.webp\" alt=\"\" class=\"wp-image-535\" srcset=\"https:\/\/www.alasso.ch\/wp-content\/uploads\/2025\/01\/alumni-suite-8.webp 586w, https:\/\/www.alasso.ch\/wp-content\/uploads\/2025\/01\/alumni-suite-8-300x135.webp 300w\" sizes=\"auto, (max-width: 586px) 100vw, 586px\" \/><\/figure>\n<\/div>\n\n\n\n<div class=\"wp-block-column is-layout-flow wp-block-column-is-layout-flow\">\n<h2 class=\"wp-block-heading\">Analyse de la plateform<\/h2>\n\n\n\n<p>Notre fonction d&#8217;analyse offre une s\u00e9rie d&#8217;outils puissants qui vous aident \u00e0 identifier les utilisateurs actifs, \u00e0 suivre l&#8217;engagement dans la communaut\u00e9, \u00e0 surveiller les factures impay\u00e9es, les \u00e9v\u00e9nements cr\u00e9\u00e9s et annul\u00e9s et \u00e0 maintenir une chronologie d\u00e9taill\u00e9e des activit\u00e9s. Notre interface conviviale vous permet d&#8217;acc\u00e9der facilement aux indicateurs et donn\u00e9es cl\u00e9s et de les analyser. Vous pouvez ainsi prendre des d\u00e9cisions \u00e9clair\u00e9es sur la meilleure fa\u00e7on de d\u00e9velopper votre association.<\/p>\n\n\n\n<p><br>Notre fonction d&#8217;analyse vous aide \u00e0 garder une vue d&#8217;ensemble des principaux indicateurs de performance, \u00e0 identifier les tendances et les opportunit\u00e9s et \u00e0 vous assurer que votre association prosp\u00e8re et se d\u00e9veloppe.<\/p>\n<\/div>\n<\/div>\n\n\n\n<div class=\"wp-block-columns split-content is-layout-flex wp-container-core-columns-is-layout-9d6595d7 wp-block-columns-is-layout-flex\">\n<div class=\"wp-block-column order-2-mobile is-layout-flow wp-block-column-is-layout-flow\">\n<h2 class=\"wp-block-heading\">Bulletin d&#8217;information et communiqu\u00e9s<\/h2>\n\n\n\n<p>Nous vous aidons \u00e0 suivre les performances de vos campagnes de newsletter et de messagerie. Vous pouvez facilement acc\u00e9der \u00e0 des m\u00e9triques et des donn\u00e9es d\u00e9taill\u00e9es sur les performances des e-mails, les messages d\u00e9livr\u00e9s, les meilleurs emplacements et les messages rejet\u00e9s. Notre fonction d&#8217;analyse des newsletters et des messages vous aide \u00e0 identifier les domaines de r\u00e9ussite et les opportunit\u00e9s afin d&#8217;ajuster plus finement vos campagnes et de vous adresser plus efficacement \u00e0 votre communaut\u00e9 associative.<\/p>\n\n\n\n<p>Dans la plupart des cas, vous pouvez \u00e9conomiser le co\u00fbt d&#8217;un outil de publipostage suppl\u00e9mentaire !<\/p>\n<\/div>\n\n\n\n<div class=\"wp-block-column order-1-mobile is-layout-flow wp-block-column-is-layout-flow\">\n<figure class=\"wp-block-image size-full fade-in-left\"><img loading=\"lazy\" decoding=\"async\" width=\"586\" height=\"264\" src=\"http:\/\/www.alasso.ch\/wp-content\/uploads\/2025\/01\/alumni-suite-9.webp\" alt=\"\" class=\"wp-image-537\" srcset=\"https:\/\/www.alasso.ch\/wp-content\/uploads\/2025\/01\/alumni-suite-9.webp 586w, https:\/\/www.alasso.ch\/wp-content\/uploads\/2025\/01\/alumni-suite-9-300x135.webp 300w\" sizes=\"auto, (max-width: 586px) 100vw, 586px\" \/><\/figure>\n<\/div>\n<\/div>\n\n\n\n<div class=\"wp-block-columns split-content is-layout-flex wp-container-core-columns-is-layout-9d6595d7 wp-block-columns-is-layout-flex\">\n<div class=\"wp-block-column is-layout-flow wp-block-column-is-layout-flow\">\n<figure class=\"wp-block-image size-full fade-in-right\"><img loading=\"lazy\" decoding=\"async\" width=\"586\" height=\"264\" src=\"http:\/\/www.alasso.ch\/wp-content\/uploads\/2025\/01\/alumni-suite-10.webp\" alt=\"\" class=\"wp-image-539\" srcset=\"https:\/\/www.alasso.ch\/wp-content\/uploads\/2025\/01\/alumni-suite-10.webp 586w, https:\/\/www.alasso.ch\/wp-content\/uploads\/2025\/01\/alumni-suite-10-300x135.webp 300w\" sizes=\"auto, (max-width: 586px) 100vw, 586px\" \/><\/figure>\n<\/div>\n\n\n\n<div class=\"wp-block-column is-layout-flow wp-block-column-is-layout-flow\">\n<h2 class=\"wp-block-heading\">\u00c9v\u00e9nements et groupes<\/h2>\n\n\n\n<p>Suivez les performances de vos groupes et \u00e9v\u00e9nements. Vous pouvez facilement acc\u00e9der \u00e0 des m\u00e9triques et des donn\u00e9es d\u00e9taill\u00e9es sur l&#8217;adh\u00e9sion au groupe, la localisation, les plans d&#8217;adh\u00e9sion et la fr\u00e9quentation des \u00e9v\u00e9nements.<\/p>\n<\/div>\n<\/div>\n\n\n\n<div class=\"wp-block-columns split-content is-layout-flex wp-container-core-columns-is-layout-9d6595d7 wp-block-columns-is-layout-flex\">\n<div class=\"wp-block-column order-2-mobile is-layout-flow wp-block-column-is-layout-flow\">\n<h2 class=\"wp-block-heading\">Mentorat et coaching<\/h2>\n\n\n\n<p>Nous mettons \u00e0 votre disposition des outils d&#8217;analyse puissants qui vous permettent de suivre le succ\u00e8s de vos programmes de mentorat et de coaching. Acc\u00e9dez rapidement aux donn\u00e9es et aux indicateurs de l&#8217;engagement dans le programme, notamment le nombre de candidatures compl\u00e9t\u00e9es, de mentors et de mentor\u00e9s disponibles, de mentors et de mentor\u00e9s trouv\u00e9s et de rapports soumis.<\/p>\n<\/div>\n\n\n\n<div class=\"wp-block-column order-1-mobile is-layout-flow wp-block-column-is-layout-flow\">\n<figure class=\"wp-block-image size-full fade-in-left\"><img loading=\"lazy\" decoding=\"async\" width=\"586\" height=\"264\" src=\"http:\/\/www.alasso.ch\/wp-content\/uploads\/2025\/01\/alumni-suite-11.webp\" alt=\"\" class=\"wp-image-541\" srcset=\"https:\/\/www.alasso.ch\/wp-content\/uploads\/2025\/01\/alumni-suite-11.webp 586w, https:\/\/www.alasso.ch\/wp-content\/uploads\/2025\/01\/alumni-suite-11-300x135.webp 300w\" sizes=\"auto, (max-width: 586px) 100vw, 586px\" \/><\/figure>\n<\/div>\n<\/div>\n\n\n\n<div class=\"wp-block-columns split-content is-layout-flex wp-container-core-columns-is-layout-9d6595d7 wp-block-columns-is-layout-flex\">\n<div class=\"wp-block-column is-layout-flow wp-block-column-is-layout-flow\">\n<figure class=\"wp-block-image size-full fade-in-right\"><img loading=\"lazy\" decoding=\"async\" width=\"586\" height=\"264\" src=\"http:\/\/www.alasso.ch\/wp-content\/uploads\/2025\/01\/alumni-suite-12.webp\" alt=\"\" class=\"wp-image-543\" srcset=\"https:\/\/www.alasso.ch\/wp-content\/uploads\/2025\/01\/alumni-suite-12.webp 586w, https:\/\/www.alasso.ch\/wp-content\/uploads\/2025\/01\/alumni-suite-12-300x135.webp 300w\" sizes=\"auto, (max-width: 586px) 100vw, 586px\" \/><\/figure>\n<\/div>\n\n\n\n<div class=\"wp-block-column is-layout-flow wp-block-column-is-layout-flow\">\n<h2 class=\"wp-block-heading\">Facturation<\/h2>\n\n\n\n<p>Suivez sans effort le statut des factures de votre organisation. Gr\u00e2ce \u00e0 notre puissante fonction d&#8217;analyse des factures, vous pouvez facilement suivre le nombre de factures cr\u00e9\u00e9es, le nombre de factures pay\u00e9es, le nombre de factures en attente et le nombre de factures cl\u00f4tur\u00e9es. Nos outils d&#8217;analyse vous aident \u00e0 garder une vue d&#8217;ensemble de votre processus de facturation. Vous pouvez ainsi garantir des paiements ponctuels et assurer une situation financi\u00e8re saine \u00e0 votre association.<\/p>\n<\/div>\n<\/div>\n","protected":false},"excerpt":{"rendered":"<p>Analytique Suivez la performance de votre plateforme Internet et optimisez votre strat\u00e9gie de gestion des membres avec les outils d&#8217;analyse Alasso Analyse de la plateform Notre fonction d&#8217;analyse offre une s\u00e9rie d&#8217;outils puissants qui vous aident \u00e0 identifier les utilisateurs actifs, \u00e0 suivre l&#8217;engagement dans la communaut\u00e9, \u00e0 surveiller les factures impay\u00e9es, les \u00e9v\u00e9nements cr\u00e9\u00e9s [&hellip;]<\/p>\n","protected":false},"author":2,"featured_media":0,"parent":0,"menu_order":0,"comment_status":"closed","ping_status":"closed","template":"","meta":{"footnotes":""},"class_list":["post-95","page","type-page","status-publish","hentry"],"_links":{"self":[{"href":"https:\/\/www.alasso.ch\/index.php\/wp-json\/wp\/v2\/pages\/95","targetHints":{"allow":["GET"]}}],"collection":[{"href":"https:\/\/www.alasso.ch\/index.php\/wp-json\/wp\/v2\/pages"}],"about":[{"href":"https:\/\/www.alasso.ch\/index.php\/wp-json\/wp\/v2\/types\/page"}],"author":[{"embeddable":true,"href":"https:\/\/www.alasso.ch\/index.php\/wp-json\/wp\/v2\/users\/2"}],"replies":[{"embeddable":true,"href":"https:\/\/www.alasso.ch\/index.php\/wp-json\/wp\/v2\/comments?post=95"}],"version-history":[{"count":7,"href":"https:\/\/www.alasso.ch\/index.php\/wp-json\/wp\/v2\/pages\/95\/revisions"}],"predecessor-version":[{"id":729,"href":"https:\/\/www.alasso.ch\/index.php\/wp-json\/wp\/v2\/pages\/95\/revisions\/729"}],"wp:attachment":[{"href":"https:\/\/www.alasso.ch\/index.php\/wp-json\/wp\/v2\/media?parent=95"}],"curies":[{"name":"wp","href":"https:\/\/api.w.org\/{rel}","templated":true}]}}